{"id":11,"date":"2024-06-06T18:47:50","date_gmt":"2024-06-06T18:47:50","guid":{"rendered":"https:\/\/www.brown.endurancepatagonia.com\/?page_id=11"},"modified":"2025-10-10T18:30:03","modified_gmt":"2025-10-10T18:30:03","slug":"about-the-race","status":"publish","type":"page","link":"https:\/\/www.ultrapaine.com\/es\/about-the-race","title":{"rendered":"Acerca de"},"content":{"rendered":"<p><\/p>\n<style>\n#bannerPage {\nbackground-image: url('https:\/\/cdn.racingpatagonia.com\/utpaine\/images\/2025\/UP25_TorresdelPaine_Web_Background_5.jpg') !important;\nbackground-position: 0em 0em;\n}\nsup {\nposition: relative;\ntop: 4px;\n}\ntd {\nborder: 1px solid #000;\n}\n.registered {\nfont-size: 9px;\nposition: relative;\ntop: -2px;\n}\n#logoTitleContainer {\nwidth: 100%;\nmargin: 0 auto;\ndisplay: flex;\nflex-flow: column;\nflex-shrink: inherit;\njustify-content: center;\n}\n.titleSeperators {\nbackground-color: var(--color-brownbground);\nline-height: 15px;\n}\n.seperatorTitles {\nfont-family: 'DCC_Ash';\nfont-weight: 100;\ntext-rendering: geometricPrecision;\n-webkit-font-smoothing: antialiased;\n-moz-osx-font-smoothing: grayscale !important;\ncolor: var(--color-yellowtext);\ntext-shadow: 2px 2px 1px #000, 1px 1px 1px #0b2847;\ntext-align:center;\npadding: 10px 5px 4px 5px;\nline-height: 100%;\nletter-spacing: 3px;\nmargin: 0 auto;\ntext-transform: uppercase;\n}\n.squeezed {\nmargin: 0em 2.5em;\n}\n#cuernos {\nmargin-right: auto;\nmargin-left: auto;\ndisplay: block;\nopacity: 0.5;\n}\n#corredora {\nposition: relative;\ntop: 271px;\nleft: -277px;\n}\n#corredor {\nposition: relative;\ntop: -99px;\nleft: 259px;\n}\n#upTitlez {\nfont-size:75px;\npadding-bottom:5px;\ncolor: #F6C214;\ntext-align: center;\nfont-weight: normal;\nfont-family: 'DCC_Ash';\ntext-rendering: geometricPrecision;\ntext-shadow: 3px 1px 3px #24160d, 2px 2px 4px #3d2515, 2px 2px 2px #3d2515;\nmargin-top: 200px;\n-webkit-font-smoothing: antialiased;\n-moz-osx-font-smoothing: grayscale !important;\nline-height: 100% !important;\nz-index: 1;\nletter-spacing: 7px;\n}\n#ultra {\nfont-size: 40px;\nposition: relative;\nleft: 94px;\nletter-spacing: 2px;\n}\n#fiord {\nfont-size: 80px;\nletter-spacing: 5px;\nposition: relative;\nleft: 43px;\ntop: -16px;\n}\n#trademark {\nfont-family: Futura !important;\nposition: relative;\ntop: -31px;\nfont-size: 20px;\n}\n.epicJourneyFontz {\ntext-shadow: 1px 0px 0px #F6C214, 1px 0px 0px #F6C214, 0px 0px 0px #F6C214;\nfont-family: 'DCC_Ash';\nfont-weight: normal;\n-webkit-font-smoothing: antialiased;\n-moz-osx-font-smoothing: grayscale !important;\nfont-size: 2.5em;\nletter-spacing: 4px;\nline-height: 100%;\ncolor: #3d2515;\n}\n.epicJourneyz {\nmargin: 0 auto;\ntext-align: center;\nwidth: 100%;\n}\n#primaryTitlez {\nposition: absolute;\ntext-align: center;\nwidth: 100%;\nmargin-top: -155px;\n}\n#fotozContainer {\nwidth:100%;\ntext-align: center;\n}\n#fotozSub {\nmargin-top: 30px !important;\nmargin-bottom: 30px !important;\nwidth: 70%;\ntext-align: center;\nmargin: 0 auto;\ndisplay: flex;\nflex-direction: column;\n}\n#serranoFotoz {\nmargin-right:auto;\nmargin-left:auto;\nwidth: 100%;\ndisplay:block;\n}\n#bgroundPhotoContainer {\nbackground-color: #3d2515 !important;\nmargin-top: -58px;\n}\n.fontzPhotoContainer {\ntext-align: center;\ncolor: #fff;\nfont-weight: normal;\nfont-size: 11px;\n-webkit-font-smoothing: antialiased;\n-moz-osx-font-smoothing: grayscale !important;\nmargin-top: 15px;\npadding: 0px 10px;\nfont-family: Futura;\nmargin-bottom: 10px !important;\n}\n.mapTextz {\nbackground-color: var(--color-bluebground);\nwidth: 904px;\nmargin: 0 auto;\nposition: relative;\ntop: -38px;\npadding: 10px 0px;\nletter-spacing: 1px;\nborder-left: 2px solid #0c5086;\nborder-bottom: 2px solid #0c5086;\nborder-right: 2px solid #0c5086;\n}\n.mapFontz {\npadding: 10px;\nmargin: 0 auto;\nfont-size: 14px;\ncolor: #fff;\nfont-family: 'Futura';\ntext-rendering: geometricPrecision;\nfont-weight: normal;\n-webkit-font-smoothing: antialiased;\n-moz-osx-font-smoothing: grayscale !important;\n}\n#mapImagez {\nborder: 2px solid #0c5086;\n}\n#shiftMarginOne {\nmargin-top: -31px;\n}\n.tableStylingz {\ndisplay: table;\ntext-shadow: none;\nmargin: 0 auto !important;\n}\n#tableItraPoints {\nposition: relative;\nwidth: 100%;\ndisplay: block;\nmargin: 50px 0px 60px 0px;\n}\n#tableUtmbIndex {\nposition: relative;\nwidth: 100%;\ndisplay: block;\nmargin: 50px 0px 40px 0px;\n}\n#tableItraPoints:after, #tableUtmbIndex:after {\n    background: linear-gradient(270deg,hsla(0,0%,100%,0),#382416 50%,hsla(0,0%,100%,0));\n    content: \"\";\n    height: 1px;\n    left: 0;\n    position: absolute;\n    margin-top: 25px;\n    width: 100%;\n}\n#tableItraPoints:before {\n    background: linear-gradient(270deg,hsla(0,0%,100%,0),#382416 50%,hsla(0,0%,100%,0));\n    content: \"\";\n    height: 1px;\n    left: 0;\n    position: absolute;\n    top: -21px;\n    width: 100%;\n}\n.utmbLogoz {\ntext-align: center;\ndisplay: block;\nmargin: 0 auto;\nmargin-top: 40px;\npadding: 0px 0px;\n}\n.itraLogoz {\n    text-align: center;\n    display: block;\n    margin: 0 auto;\n    padding: 0px 50px;\n}\n.utmbLogoz:hover, .itraLogoz:hover {\nopacity: 0.7;\n}\n#flexUtmbLogo {\ndisplay: block;\nwidth: 100%;\ntext-align: center;\nmargin: 0 auto;\n}\n#flexUtmbLogos {\ndisplay: inline-flex;\nwidth: 100%;\ntext-align: center;\nmargin: 0 auto;\njustify-content: space-evenly;\npadding-bottom: 30px;\n}\n#flexItraLogos {\ndisplay: inline-flex;\nwidth: 100%;\ntext-align: center;\nmargin: 0 auto;\njustify-content: center;\nalign-items: center;\npadding-bottom: 30px;\n}\n.qualifyingTitle {\nfont-family: Futura;\nfont-size: 1em;\nletter-spacing: 1px;\n}\n@media (max-width: 960px) {\n#mapImagez {\nwidth: 100%;\n}\n#logoTitleContainer {\ndisplay: none;\n}\n.scrollTable {\noverflow: scroll;\n}\n.mapTextz {\nwidth: 100%;\n}\n}\n@media (max-width: 510px) {\n#fotozSub {\nwidth: 100%;\n}\n#logoTitleContainer {\ndisplay: none;\n}\n#mapImagez {\nwidth: 100%;\n}\n.scrollTable {\noverflow: scroll;\n}\n.mapTextz {\nwidth: 100%;\n}\n}\n@media screen and (max-width: 736px) {\n#fotozSub {\nwidth: 100%;\n}\n#logoTitleContainer {\ndisplay: none;\n}\n#mapImagez {\nwidth: 100%;\n}\n.scrollTable {\noverflow: scroll;\n}\n.mapTextz {\nwidth: 100%;\n}\n#bannerPage {\nbackground-position: right;\n}\n}\n@media screen and (max-width: 480px) {\n#fotozSub {\nwidth: 100%;\n}\n#logoTitleContainer {\ndisplay: none;\n}\n#mapImagez {\nwidth: 100%;\n}\n.scrollTable {\noverflow: scroll;\n}\n.mapTextz {\nwidth: 100%;\n}\n@media screen and (max-width: 480px) and (orientation: portrait) {\n.itraLogoz {\npadding: 0px 15px;\n}\n#fotozSub {\nwidth: 100%;\n}\n#logoTitleContainer {\ndisplay: none;\n}\n#mapImagez {\nwidth: 100%;\n}\n.scrollTable {\noverflow: scroll;\n}\n.mapTextz {\nwidth: 100%;\n}\n#bannerPage {\nbackground-position: right;\n}\n}\n<\/style>\n<div id=\"logoTitleContainer\">\n<div id=\"primaryTitlez\">\n<div style=\"position:relative;\">\n<img decoding=\"async\" loading=\"lazy\" src=\"https:\/\/www.cdn.racingpatagonia.com\/utpaine\/panels\/uttp_corredora_web.png\" alt=\"Corredora Icon Ultra Paine\" width=\"57\" height=\"100\" id=\"corredora\" \/><img decoding=\"async\" loading=\"lazy\" src=\"https:\/\/www.cdn.racingpatagonia.com\/utpaine\/panels\/cuernos_paine_web_uttp2.png\" alt=\"Cuernos Ultra Paine\" width=\"700\" height=\"279\" id=\"cuernos\" \/><img decoding=\"async\" loading=\"lazy\" src=\"https:\/\/www.cdn.racingpatagonia.com\/utpaine\/panels\/uttp_corredor_web.png\" alt=\"Corredor Icon Ultra Paine\" width=\"57\" height=\"100\" id=\"corredor\" \/><\/div>\n<\/div>\n<h2 id=\"upTitlez\">ULTRA PAINE<span id=\"trademark\">&#174;<\/span><\/h2>\n<div class=\"epicJourneyz\" id=\"shiftMarginOne\">\n<h2 class=\"epicJourneyFontz\">50K &#8211; 35K &#8211; 21K &#8211; 14K &#8211; 5K<\/h2>\n<\/div>\n<div class=\"epicJourneyz\" style=\"margin-top:0px !important;\">\n<h2 class=\"epicJourneyFontz\">26 SEPTIEMBRE 2026<\/h2>\n<\/div>\n<\/div>\n<div class=\"titleSeperators\">\n<h3 class=\"seperatorTitles\">CONCEPTO DE CARRERA Y UBICACI\u00d3N<\/h3>\n<\/div>\n<p><\/p>\n<div class=\"squeezed\">\n<p class=\"fontz\"><strong>En el a\u00f1o 2014<\/strong>, Ultra Paine<span class=\"registered\">\u00ae<\/span> fue el primer evento de trail running en el Parque Nacional Torres del Paine y en la Patagonia Sur de Chile. Desde esa primera edici\u00f3n, se ha desarrollado anualmente en forma consecutiva, principalmente en el mes de septiembre, con la \u00fanica excepci\u00f3n de la reprogramaci\u00f3n dada por la pandemia en el a\u00f1o 2020. Desde el 2016 su ruta de carrera qued\u00f3 establecida fuera del parque, pero muy cercana a este, cruzando por una amplia variedad de paisajes donde las monta\u00f1as del Parque Nacional Torres del Paine son el tel\u00f3n de fondo. Desde su origen ha convocado a corredores de m\u00e1s de 50 pa\u00edses, los que convergen hasta el extremo sur de la Patagonia para cumplir el sue\u00f1o de correr por los senderos en uno de los lugares m\u00e1s pr\u00edstinos del planeta.<\/p>\n<p class=\"fontz\">La ciudad base es <strong>Puerto Natales<\/strong>, ubicada a 250 km al Norte de la capital regional que es Punta Arenas. Geogr\u00e1ficamente, Ultra Paine\u00ae se desarrolla en el extremo sur del continente americano, a 51\u00b0 de latitud sur, en una ubicaci\u00f3n privilegiada de la Patagonia Occidental, al Este del gran Campo de Hielo Sur y en las proximidades del Parque Nacional Torres del Paine, Provincia de \u00daltima Esperanza, Regi\u00f3n de Magallanes y Ant\u00e1rtica Chilena.<\/p>\n<p class=\"fontz\">En los \u00faltimos a\u00f1os se ha consolidado una ruta de carrera que incluye distancias que van desde los 5Km hasta los 50Km. Por sus caracter\u00edsticas es un evento abierto a todo nivel de participantes, desde los que reci\u00e9n se inician en el trail running hasta los m\u00e1s experimentados corredores de monta\u00f1a.<\/p>\n<div id=\"fotozContainer\">\n<div id=\"fotozSub\" style=\"border:2px solid #F6C214;\"><img decoding=\"async\" src=\"https:\/\/www.cdn.racingpatagonia.com\/utpaine\/images\/2025\/banderas_UltraPaine_Historico2025.png\" \/><img decoding=\"async\" id=\"serranoFotoz\" src=\"https:\/\/www.cdn.racingpatagonia.com\/utpaine\/images\/UltraPaine2016_AbouttheRun.jpg\" alt=\"Ultra Paine 2016 - Acerca de la Carrera\" \/><img decoding=\"async\" src=\"https:\/\/www.cdn.racingpatagonia.com\/utpaine\/images\/2025\/banderas_UltraPaine_Historico2025.png\" \/><\/p>\n<div id=\"bgroundPhotoContainer\">\n<p class=\"fontzPhotoContainer\">Una imagen cl\u00e1sica en la ruta actual de <strong style=\"color:#F6C214;\">Ultra Paine<sup>\u00ae<\/sup><\/strong>.<br \/>Por este punto deben pasar los corredores de todas las distancias de carrera, desde aqu\u00ed solo quedan unos 12km para la meta.<\/p>\n<\/div>\n<\/div>\n<\/div>\n<p class=\"fontz\">En la siguiente tabla se presentan las fechas y distancias de carrera de las ediciones pasadas de Ultra Paine<span class=\"registered\">\u00ae<\/span>, adem\u00e1s de la pr\u00f3xima edici\u00f3n y las fechas que se planifican para el futuro:<\/p>\n<div class=\"scrollTable\">\n<table class=\"aligncenter tableStylingz\">\n<tbody>\n<tr>\n<td class=\"primeroRowz\">Edici\u00f3n<\/td>\n<td class=\"primeroRowz\">A\u00f1o<\/td>\n<td class=\"primeroRowz\">Fecha<\/td>\n<td class=\"primeroRowz\">Distancias de Carrera<\/td>\n<\/tr>\n<tr>\n<td class=\"primeroColumnz\">1<span class=\"registered\">\u00aa<\/span><\/td>\n<td class=\"tableCatz\">2014<\/td>\n<td class=\"tableCatz\">26 Septiembre<\/td>\n<td class=\"tableCatz\">42K, 67K, 109K<\/td>\n<\/tr>\n<tr>\n<td class=\"primeroColumnz\">2<span class=\"registered\">\u00aa<\/span><\/td>\n<td class=\"tableCatz\">2015<\/td>\n<td class=\"tableCatz\">3 y 4 Octubre<\/td>\n<td class=\"tableCatz\">25K, 50K<\/td>\n<\/tr>\n<tr>\n<td class=\"primeroColumnz\">3<span class=\"registered\">\u00aa<\/span><\/td>\n<td class=\"tableCatz\">2016<\/td>\n<td class=\"tableCatz\">25 Septiembre<\/td>\n<td class=\"tableCatz\">14K, 35K, 50K<\/td>\n<\/tr>\n<tr>\n<td class=\"primeroColumnz\">4<span class=\"registered\">\u00aa<\/span><\/td>\n<td class=\"tableCatz\">2017<\/td>\n<td class=\"tableCatz\">23 Septiembre<\/td>\n<td class=\"tableCatz\">14K, 35K, 50K, 80K<\/td>\n<\/tr>\n<tr>\n<td class=\"primeroColumnz\">5<span class=\"registered\">\u00aa<\/span><\/td>\n<td class=\"tableCatz\">2018<\/td>\n<td class=\"tableCatz\">22 Septiembre<\/td>\n<td class=\"tableCatz\">14K, 35K, 50K, 80K<\/td>\n<\/tr>\n<tr>\n<td class=\"primeroColumnz\">6<span class=\"registered\">\u00aa<\/span><\/td>\n<td class=\"tableCatz\">2019<\/td>\n<td class=\"tableCatz\">28 Septiembre<\/td>\n<td class=\"tableCatz\">14K, 35K, 50K, 80K<\/td>\n<\/tr>\n<tr>\n<td class=\"primeroColumnz\" style=\"font-size:11px;\">2020<\/td>\n<td class=\"tableCatz\">Pandemic<\/td>\n<td class=\"tableCatz\"> &#8211; &#8211; &#8211; &#8211; <\/td>\n<td class=\"tableCatz\"> &#8211; &#8211; &#8211; &#8211; <\/td>\n<\/tr>\n<tr>\n<td class=\"primeroColumnz\">7<span class=\"registered\">\u00aa<\/span><\/td>\n<td class=\"tableCatz\">2021<\/td>\n<td class=\"tableCatz\">25 y 26 Septiembre<\/td>\n<td class=\"tableCatz\">14K, 21K, 35K, 42K, 50K, 80K<\/td>\n<\/tr>\n<tr>\n<td class=\"primeroColumnz\">8<span class=\"registered\">\u00aa<\/span><\/td>\n<td class=\"tableCatz\">2022<\/td>\n<td class=\"tableCatz\">23 &#8211; 24 &#8211; 25 Septiembre<\/td>\n<td class=\"tableCatz\">7K, 14K, 21K, 35K, 42K, 50K, 80K, 125K<\/td>\n<\/tr>\n<tr>\n<td class=\"primeroColumnz\">9<span class=\"registered\">\u00aa<\/span><\/td>\n<td class=\"tableCatz\">2023<\/td>\n<td class=\"tableCatz\">30 Septiembre y 1 Octubre<\/td>\n<td class=\"tableCatz\">7K, 14K, 21K, 35K, 42K, 50K, 80K<\/td>\n<\/tr>\n<tr>\n<td class=\"primeroColumnz\">10<span class=\"registered\">\u00aa<\/span><\/td>\n<td class=\"tableCatz\">2024<\/td>\n<td class=\"tableCatz\">28 y 29 Septiembre<\/td>\n<td class=\"tableCatz\">7K, 14K, 21K, 35K, 50K, 80K<\/td>\n<\/tr>\n<tr>\n<td class=\"primeroColumnz\">11<span class=\"registered\">\u00aa<\/span><\/td>\n<td class=\"tableCatz\">2025<\/td>\n<td class=\"tableCatz\">27 Septiembre<\/td>\n<td class=\"tableCatz\">5K, 14K, 21K, 35K, 50K<\/td>\n<\/tr>\n<tr>\n<td class=\"primeroColumnz segundoColumnz\">12<span class=\"registered\">\u00aa<\/span><\/td>\n<td class=\"tableCatz segundoColumnz\">2026<\/td>\n<td class=\"tableCatz segundoColumnz\">26 Septiembre<\/td>\n<td class=\"tableCatz segundoColumnz\">5K, 14K, 21K, 35K, 50K<\/td>\n<\/tr>\n<tr>\n<td class=\"primeroColumnz\">13<span class=\"registered\">\u00aa<\/span><\/td>\n<td class=\"tableCatz\">2027<\/td>\n<td class=\"tableCatz\">25 Septiembre<\/td>\n<td class=\"tableCatz terceroColumnz\"><\/td>\n<\/tr>\n<tr>\n<td class=\"primeroColumnz\">14<span class=\"registered\">\u00aa<\/span><\/td>\n<td class=\"tableCatz\">2028<\/td>\n<td class=\"tableCatz\">30 Septiembre<\/td>\n<td class=\"tableCatz terceroColumnz\"><\/td>\n<\/tr>\n<tr>\n<td class=\"primeroColumnz\">15<span class=\"registered\">\u00aa<\/span><\/td>\n<td class=\"tableCatz\">2029<\/td>\n<td class=\"tableCatz\">29 Septiembre<\/td>\n<td class=\"tableCatz terceroColumnz\"><\/td>\n<\/tr>\n<tr>\n<td class=\"primeroColumnz\">16<span class=\"registered\">\u00aa<\/span><\/td>\n<td class=\"tableCatz\">2030<\/td>\n<td class=\"tableCatz\">28 Septiembre<\/td>\n<td class=\"tableCatz terceroColumnz\"><\/td>\n<\/tr>\n<\/tbody>\n<\/table>\n<\/div>\n<p class=\"fontz\"><strong>Ultra Paine<span class=\"registered\">\u00ae<\/span><\/strong> es parte del proyecto Racing Patagonia<span class=\"registered\">\u00ae<\/span>, creado por <strong>Stjepan Pavicic<\/strong> &#8211; ge\u00f3logo, ex atleta y monta\u00f1ista &#8211; en el a\u00f1o 2002. Desde su origen, este proyecto busca promover la Patagonia chilena en el mundo y aportar al desarrollo sostenible del turismo y de la comunidad local. Puedes encontrar m\u00e1s informaci\u00f3n en <a class=\"goldenLinkz\" href=\"https:\/\/www.racingpatagonia.com\/\" target=\"_blank\" title=\"Racing Patagonia Sitio Web\" rel=\"noopener noreferrer\">www.racingpatagonia.com<\/a> y seguirnos en Instagram: <a class=\"goldenLinkz\" href=\"https:\/\/instagram.com\/racingpatagonia\" target=\"_blank\" title=\"Instagram @racingpatagonia\" rel=\"noopener noreferrer\">@racingpatagonia<\/a>.<\/p>\n<div id=\"welcomeHere\">\n<\/p>\n<p class=\"fontz\" style=\"text-align:center;\">\u00a1Te invitamos a revisar las galer\u00edas de fotograf\u00edas, ah\u00ed encontrar\u00e1s im\u00e1genes de todas las ediciones anteriores! Seas un corredor de elite, un aficionado, o un viajero en busca de nuevas experiencias, aqu\u00ed ser\u00e1s BIENVENIDO. \u00a1Ven a sentir la energ\u00eda de la naturaleza y a vivir la magia de <strong>Ultra Paine<span class=\"registered\">\u00ae<\/span><\/strong>!<\/p>\n<\/p>\n<\/div>\n<div id=\"tableItraPoints\">\n<div id=\"flexItraLogos\">\n<a href=\"https:\/\/itra.run\/NationalLeague\/MoreInfo\" target=\"_blank\" title=\"Sitio Web de ITRA National League\" rel=\"noopener noreferrer\" onclick=\"trackOutboundLink('https:\/\/itra.run\/NationalLeague\/MoreInfo'); return true;\"><img decoding=\"async\" loading=\"lazy\" class=\"alignnone size-full wp-image-5440 itraLogoz\" src=\"https:\/\/www.cdn.racingpatagonia.com\/static\/logo_ITRA_National_League.png\" width=\"80\" height=\"112\" alt=\"Ultra Paine ITRA National League\" \/><\/a><a href=\"https:\/\/itra.run\/\" title=\"Sitio Web de ITRA\" target=\"_blank\" rel=\"noopener noreferrer\" onclick=\"trackOutboundLink('https:\/\/itra.run\/'); return true;\"><img decoding=\"async\" loading=\"lazy\" class=\"alignnone size-full wp-image-5440 itraLogoz\" src=\"https:\/\/www.cdn.racingpatagonia.com\/utpaine\/panels\/logo_frontpage_itra_greenblack.png\" width=\"175\" height=\"51\" alt=\"Ultra Paine ITRA Member\" \/><\/a>\n<\/div>\n<div class=\"scrollTable\">\n<table class=\"aligncenter tableStylingz\">\n<tbody style=\"margin-top: -10px !important;\">\n<tr>\n<td class=\"primeroColumnz qualifyingTitle\" id=\"empty\" colspan=\"5\">Puntos ITRA 2026<\/td>\n<\/tr>\n<tr>\n<td class=\"primeroRowz\">50K<\/td>\n<td class=\"primeroRowz\">35K<\/td>\n<td class=\"primeroRowz\">21K<\/td>\n<\/tr>\n<tr>\n<td class=\"tableCatz\">2 Puntos<\/td>\n<td class=\"tableCatz\">2 Puntos<\/td>\n<td class=\"tableCatz\">1 Punto<\/td>\n<\/tr>\n<\/tbody>\n<\/table>\n<\/div>\n<\/div>\n<p><\/p>\n<div id=\"tableUtmbIndex\">\n<div id=\"utmbPointz\">\n<div id=\"flexUtmbLogo\">\n<a href=\"https:\/\/utmb.world\/es\/utmb-index\" target=\"_blank\" title=\"Ultra Trail Mont Blanc Index Website\" rel=\"noopener noreferrer\" onclick=\"trackOutboundLink('https:\/\/utmb.world\/'); return true;\"><img decoding=\"async\" loading=\"lazy\" class=\"alignnone size-full wp-image-5440 utmbLogoz\" src=\"https:\/\/www.cdn.racingpatagonia.com\/static\/logo_utmb_index_500px.png\" alt=\"Ultra Paine UTMB 2026 Index\" width=\"250\" height=\"70\" \/><\/a>\n<\/div>\n<div id=\"flexUtmbLogos\">\n<a href=\"https:\/\/utmb.world\/es\/utmb-index\" target=\"_blank\" title=\"Ultra Trail Mont Blanc Index Website\" rel=\"noopener noreferrer\" onclick=\"trackOutboundLink('https:\/\/utmb.world\/es\/utmb-index'); return true;\"><img decoding=\"async\" loading=\"lazy\" class=\"alignnone size-full wp-image-5440 utmbLogoz\" src=\"https:\/\/www.cdn.racingpatagonia.com\/static\/Index_50K_500px.png\" width=\"175\" height=\"51\" alt=\"Ultra Paine UTMB 2026 Index 50K\" \/><\/a><a href=\"https:\/\/utmb.world\/es\/utmb-index\" target=\"_blank\" title=\"Ultra Trail Mont Blanc Index Website\" rel=\"noopener noreferrer\" onclick=\"trackOutboundLink('https:\/\/utmb.world\/es\/utmb-index'); return true;\"><img decoding=\"async\" loading=\"lazy\" class=\"alignnone size-full wp-image-5440 utmbLogoz\" src=\"https:\/\/www.cdn.racingpatagonia.com\/static\/Index_20K_500px.png\" width=\"175\" height=\"51\" alt=\"Ultra Paine UTMB 2026 Index 20K\" \/><\/a>\n<\/div>\n<\/div>\n<div class=\"scrollTable\">\n<table class=\"aligncenter tableStylingz\">\n<tbody style=\"margin-top: -10px !important;\">\n<tr>\n<td class=\"primeroColumnz qualifyingTitle\" id=\"empty\" colspan=\"6\">UTMB<span>&#xae;<\/span> Index 2026<\/td>\n<\/tr>\n<tr>\n<td class=\"primeroRowz\">50K<\/td>\n<td class=\"primeroRowz\">35K<\/td>\n<td class=\"primeroRowz\">21K<\/td>\n<td class=\"primeroRowz\">14K<\/td>\n<\/tr>\n<tr>\n<td class=\"tableCatz\">50K<\/td>\n<td class=\"tableCatz\">20K<\/td>\n<td class=\"tableCatz\">20K<\/td>\n<td class=\"tableCatz\">20K<\/td>\n<\/tr>\n<\/tbody>\n<\/table>\n<\/div>\n<\/div>\n<\/div>\n<p><\/p>","protected":false},"excerpt":{"rendered":"<p>ULTRA PAINE&#174; 50K &#8211; 35K &#8211; 21K &#8211; 14K &#8211; 5K 26 SEPTIEMBRE 2026 CONCEPTO DE CARRERA Y UBICACI\u00d3N En el a\u00f1o 2014, Ultra Paine\u00ae fue el primer evento de trail running en el Parque Nacional Torres del Paine y en la Patagonia Sur de Chile. Desde esa primera edici\u00f3n, se ha desarrollado anualmente en [&hellip;]<\/p>\n","protected":false},"author":1,"featured_media":0,"parent":0,"menu_order":0,"comment_status":"closed","ping_status":"closed","template":"","meta":[],"_links":{"self":[{"href":"https:\/\/www.ultrapaine.com\/es\/wp-json\/wp\/v2\/pages\/11"}],"collection":[{"href":"https:\/\/www.ultrapaine.com\/es\/wp-json\/wp\/v2\/pages"}],"about":[{"href":"https:\/\/www.ultrapaine.com\/es\/wp-json\/wp\/v2\/types\/page"}],"author":[{"embeddable":true,"href":"https:\/\/www.ultrapaine.com\/es\/wp-json\/wp\/v2\/users\/1"}],"replies":[{"embeddable":true,"href":"https:\/\/www.ultrapaine.com\/es\/wp-json\/wp\/v2\/comments?post=11"}],"version-history":[{"count":51,"href":"https:\/\/www.ultrapaine.com\/es\/wp-json\/wp\/v2\/pages\/11\/revisions"}],"predecessor-version":[{"id":822,"href":"https:\/\/www.ultrapaine.com\/es\/wp-json\/wp\/v2\/pages\/11\/revisions\/822"}],"wp:attachment":[{"href":"https:\/\/www.ultrapaine.com\/es\/wp-json\/wp\/v2\/media?parent=11"}],"curies":[{"name":"wp","href":"https:\/\/api.w.org\/{rel}","templated":true}]}}