{"id":146,"date":"2024-06-12T20:19:36","date_gmt":"2024-06-12T20:19:36","guid":{"rendered":"https:\/\/www.brown.endurancepatagonia.com\/?page_id=146"},"modified":"2025-10-10T16:19:25","modified_gmt":"2025-10-10T16:19:25","slug":"equipment","status":"publish","type":"page","link":"https:\/\/www.ultrapaine.com\/es\/equipment","title":{"rendered":"Equipamiento"},"content":{"rendered":"<p><\/p>\n<style>\n#bannerPage {\nbackground-image: url('https:\/\/cdn.racingpatagonia.com\/utpaine\/images\/2025\/UP25_TorresdelPaine_Web_Background_22_6.jpg') !important;\nbackground-position: center;\n}\n.container {\n    max-width: none;\n    margin: 0 auto !important;\n    padding: 0;\n}\ntd {\npadding: 3px;\n}\n.strongRed {\ncolor:#f00;\n}\n.fontzRed {\nfont-size: 13px;\ntext-align: center;\ncolor: #F00;\nfont-family: 'Futura';\nfont-weight: normal;\n-webkit-font-smoothing: antialiased;\n-moz-osx-font-smoothing: grayscale !important;\n}\n.textHighlightz {\ncolor: var(--color-yellowtext)!important;\nfont-weight: bold;\ntext-shadow: 1px 0px 1px #000 !important;\n}\n.textHighlightzDos {\nfont-weight: bold;\nfont-size: 14px;\ntext-transform: initial;\n}\n.tableFirstContent {\ncolor: #fff;\npadding: 10px !important;\ntext-align: center;\nvertical-align: middle;\nfont-family: Futura;\nwidth: 20%;\nfont-size: 0.8em;\nbackground-color: var(--color-brownbground);\n}\n.tableSecondContent {\ncolor: #fff;\npadding: 10px !important;\ntext-align: left;\nvertical-align: top;\nfont-family: Futura;\nwidth: 50%;\nfont-size: 0.8em;\nbackground-color: var(--color-brownbground);\n}\n.tableMainContent {\ncolor: #fff;\npadding: 10px !important;\ntext-align: center;\nvertical-align: middle;\nfont-family: Futura;\nwidth: 5%;\nbackground-color: #ffe05973;\ncolor: var(--color-brownbground);\nfont-size: 0.8em;\ntext-shadow: 1px 0px 1px #fff;\n}\n.tableStylingz {\ndisplay: table;\ntext-shadow: none;\noverflow: auto;\n}\n.reduceFirstContent {\nfont-size: 0.75em;\ncolor: #fff;\n}\n.primeroInverse {\npadding: 10px 0px;\n}\n.scrollTable {\nwidth:100%;\nheight:100%;\n}\n.noteInclude {\nfont-size:12px;\nbackground-color: var(--color-goldenorangetext)!important;\ncolor:#fff;\ntext-shadow: 1px 1px 1px #000;\ntext-transform: initial;\n}\n.primeroRowz {\ncolor: var(--color-brownbground) !important;\nbackground-color: var(--color-yellowtext) !important;\ntext-shadow: none !important;\n}\n@media screen and (max-width: 736px) {\n.scrollTable {\noverflow:scroll;\n}\n#bannerPage {\nbackground-position: center;\n}\n}\n@media screen and (max-width: 480px) { \n.scrollTable {\noverflow:scroll;\n}\n#bannerPage {\nbackground-position: center;\n}\n}\n<\/style>\n<div style=\"margin:0em 2.5em;\">\n<p class=\"fontz\">Es muy importante que estudies esta secci\u00f3n pensando en tus caracter\u00edsticas, habilidades y experiencia personal. Considerando las condiciones geogr\u00e1ficas y meteorol\u00f3gicas de la zona de carrera, el equipamiento obligatorio y recomendado por la organizaci\u00f3n busca mejorar tu experiencia y fortalecer tu seguridad personal. Sin embargo, seleccionar y evaluar cada elemento del equipamiento es tu responsabilidad. Ten en cuenta que frente a condiciones meteorol\u00f3gicas adversas, cada persona tiene diferentes grados de tolerancia, adem\u00e1s tambi\u00e9n depender\u00e1 del ritmo de carrera que puedas llevar (probablemente necesitar\u00e1s m\u00e1s abrigo si tu paso es m\u00e1s lento).<\/p>\n<p class=\"fontz\">El formato de carrera es non-stop con semi autonom\u00eda. Es decir, cada corredor deber\u00e1 ser independiente entre estaciones de asistencia. As\u00ed, para manejar cualquier condici\u00f3n clim\u00e1tica o f\u00edsica, debes portar el equipamiento obligatorio en todo momento, adem\u00e1s de la alimentaci\u00f3n e hidrataci\u00f3n suficiente para enfrentar cada tramo de carrera.<\/p>\n<p class=\"fontz\" style=\"text-align:center;\">Aqu\u00ed te presentamos las tablas de equipamiento y elementos obligatorios y recomendados:<\/p>\n<p class=\"fontz\" style=\"font-style: italic;text-align:center;font-size:12px;\">\u00daltima Actualizaci\u00f3n: <strong class=\"strongRed\">18 de diciembre de 2024<\/strong><\/p>\n<\/div>\n<div class=\"scrollTable\">\n<table class=\"tableStylingz\">\n<tbody>\n<tr class=\"primeroRowz\">\n<td colspan=\"2\" class=\"primeroInverse\">Equipamiento General y Otros<br \/><span class=\"textHighlightzDos\">(O: Obligatorio \/ R: Recomendado \/ N: No Aplica)<\/span><\/td>\n<td>5K<\/td>\n<td>14K<\/td>\n<td>21K<\/td>\n<td>35K<\/td>\n<td>50K<\/td>\n<\/tr>\n<tr class=\"segundoRowz\">\n<td class=\"tableFirstContent\"><span class=\"textHighlightz\">Mochila o banano<\/span><\/td>\n<td class=\"tableSecondContent\">Con capacidad para portar todo el material necesario.<\/td>\n<td class=\"tableMainContent\">R<\/td>\n<td class=\"tableMainContent\">R<\/td>\n<td class=\"tableMainContent\">R<\/td>\n<td class=\"tableMainContent\">O<\/td>\n<td class=\"tableMainContent\">O<\/td>\n<\/tr>\n<tr class=\"segundoRowz\">\n<td class=\"tableFirstContent\"><span class=\"textHighlightz\">Contenedor para al menos 0.5 litros<br \/><span class=\"reduceFirstContent\">(Botella o bolsa de hidrataci\u00f3n)<\/span><\/span><\/td>\n<td class=\"tableSecondContent\">No habr\u00e1 vasos en las partidas, meta, ni en los puntos de asistencia (PAS). Debes llevar tu propio vaso o sistema de hidrataci\u00f3n (botella o bolsa). ULTRA PAINE\u00ae es un evento \u201clibre de vasos\u201d (puedes revisar las razones en el punto \u201cMedio Ambiente\u201d).<\/td>\n<td class=\"tableMainContent\">O<\/td>\n<td class=\"tableMainContent\">O<\/td>\n<td class=\"tableMainContent\">O<\/td>\n<td class=\"tableMainContent\">O<\/td>\n<td class=\"tableMainContent\">O<\/td>\n<\/tr>\n<tr class=\"segundoRowz\">\n<td class=\"tableFirstContent\"><span class=\"textHighlightz\">Vaso no desechable<br \/><span class=\"reduceFirstContent\">(Apto para l\u00edquidos fr\u00edos y calientes)<\/span><\/span><\/td>\n<td class=\"tableSecondContent\">No es obligatorio, porque tambi\u00e9n puedes usar tu contenedor (botella o bolsa de agua). Te lo sugerimos por su f\u00e1cil manipulaci\u00f3n en los PAS.<\/td>\n<td class=\"tableMainContent\">R<\/td>\n<td class=\"tableMainContent\">R<\/td>\n<td class=\"tableMainContent\">R<\/td>\n<td class=\"tableMainContent\">R<\/td>\n<td class=\"tableMainContent\">R<\/td>\n<\/tr>\n<tr class=\"segundoRowz\">\n<td class=\"tableFirstContent\"><span class=\"textHighlightz\">Manta de supervivencia<br \/><span class=\"reduceFirstContent\">(Tama\u00f1o m\u00ednimo 140 x 200 cm)<\/span><\/span><\/td>\n<td class=\"tableSecondContent\">Podr\u00eda ser \u00fatil en caso de que abandones o te lesiones y tengas que esperar un veh\u00edculo de la organizaci\u00f3n. La manta de supervivencia te protege del viento y reduce la p\u00e9rdida de calor por radiaci\u00f3n mediante l\u00e1minas de aluminio en las que se reflejan los rayos infrarrojos. Puedes utilizar una manta con otras medidas, sin embargo esta deber\u00e1 cubrir una superficie m\u00ednima de 2.8m2.<\/td>\n<td class=\"tableMainContent\">R<\/td>\n<td class=\"tableMainContent\">R<\/td>\n<td class=\"tableMainContent\">R<\/td>\n<td class=\"tableMainContent\">O<\/td>\n<td class=\"tableMainContent\">O<\/td>\n<\/tr>\n<tr class=\"segundoRowz\">\n<td class=\"tableFirstContent\"><span class=\"textHighlightz\">Silbato<\/span><\/td>\n<td class=\"tableSecondContent\">Para alertar a otras personas en caso de emergencia. Te recomendamos que uses un silbato de sonido potente y que lo guardes en alg\u00fan bolsillo de f\u00e1cil acceso.<\/td>\n<td class=\"tableMainContent\">O<\/td>\n<td class=\"tableMainContent\">O<\/td>\n<td class=\"tableMainContent\">O<\/td>\n<td class=\"tableMainContent\">O<\/td>\n<td class=\"tableMainContent\">O<\/td>\n<\/tr>\n<tr class=\"segundoRowz\">\n<td class=\"tableFirstContent\"><span class=\"textHighlightz\">Lentes<br \/><span class=\"reduceFirstContent\">(Para el sol, viento o nieve)<\/span><\/td>\n<td class=\"tableSecondContent\">La exposici\u00f3n a la radiaci\u00f3n solar es causa de un elevado n\u00famero de lesiones oculares, por lo que te recomendamos llevar gafas con filtro UV. Adem\u00e1s permiten protegerte del viento: existen casos de ceguera temporal por viento fr\u00edo. Por otra parte, al cruzar por zonas de bosque, tambi\u00e9n te cuidar\u00e1n de las ramas.<\/td>\n<td class=\"tableMainContent\">R<\/td>\n<td class=\"tableMainContent\">R<\/td>\n<td class=\"tableMainContent\">R<\/td>\n<td class=\"tableMainContent\">O<\/td>\n<td class=\"tableMainContent\">O<\/td>\n<\/tr>\n<tr class=\"segundoRowz\">\n<td class=\"tableFirstContent\"><span class=\"textHighlightz\">Alimentaci\u00f3n de reserva<\/span><\/td>\n<td class=\"tableSecondContent\">Debes considerar que en el caso de condiciones meteorol\u00f3gicas adversas, de baja temperatura, precipitaciones y\/o viento, el consumo de energ\u00eda aumentar\u00e1, por lo que la alimentaci\u00f3n de reserva ser\u00e1 fundamental para tu rendimiento y seguridad.<\/td>\n<td class=\"tableMainContent\">R<\/td>\n<td class=\"tableMainContent\">R<\/td>\n<td class=\"tableMainContent\">R<\/td>\n<td class=\"tableMainContent\">O<\/td>\n<td class=\"tableMainContent\">O<\/td>\n<\/tr>\n<tr class=\"segundoRowz\">\n<td class=\"tableFirstContent\"><span class=\"textHighlightz\">Bastones<\/span><\/td>\n<td class=\"tableSecondContent\">Si ya has probado correr con ellos y los usas adecuadamente, los bastones pueden ser de gran ayuda en algunos tramos de la carrera. Entre las ventajas del uso de bastones est\u00e1 la reducci\u00f3n de la carga en las piernas y mejorar la estabilidad en zonas complejas.<\/td>\n<td class=\"tableMainContent\">R<\/td>\n<td class=\"tableMainContent\">R<\/td>\n<td class=\"tableMainContent\">R<\/td>\n<td class=\"tableMainContent\">R<\/td>\n<td class=\"tableMainContent\">R<\/td>\n<\/tr>\n<tr class=\"segundoRowz\">\n<td class=\"tableFirstContent\"><span class=\"textHighlightz\">Cuchillo o corta pluma<\/span><\/td>\n<td class=\"tableSecondContent\">Aunque en condiciones normales este elemento puede ser totalmente prescindible, en casos de emergencia podr\u00eda convertirse en una herramienta multiprop\u00f3sito fundamental.<\/td>\n<td class=\"tableMainContent\">R<\/td>\n<td class=\"tableMainContent\">R<\/td>\n<td class=\"tableMainContent\">R<\/td>\n<td class=\"tableMainContent\">R<\/td>\n<td class=\"tableMainContent\">R<\/td>\n<\/tr>\n<tr class=\"segundoRowz\">\n<td class=\"tableFirstContent\"><span class=\"textHighlightz\">Bloqueador solar<\/span><\/td>\n<td class=\"tableSecondContent\">Necesario para proteger la piel de las radiaciones solares durante las horas de carrera.<\/td>\n<td class=\"tableMainContent\">R<\/td>\n<td class=\"tableMainContent\">R<\/td>\n<td class=\"tableMainContent\">R<\/td>\n<td class=\"tableMainContent\">R<\/td>\n<td class=\"tableMainContent\">R<\/td>\n<\/tr>\n<tr class=\"segundoRowz\">\n<td class=\"tableFirstContent\"><span class=\"textHighlightz\">Tapones para los o\u00eddos<\/span><\/td>\n<td class=\"tableSecondContent\">Si tus o\u00eddos son muy sensibles, el uso de tapones te proteger\u00e1 del viento y as\u00ed evitar\u00e1s posibles molestias.<\/td>\n<td class=\"tableMainContent\">R<\/td>\n<td class=\"tableMainContent\">R<\/td>\n<td class=\"tableMainContent\">R<\/td>\n<td class=\"tableMainContent\">R<\/td>\n<td class=\"tableMainContent\">R<\/td>\n<\/tr>\n<tr class=\"segundoRowz\">\n<td class=\"tableFirstContent\"><span class=\"textHighlightz\">Tel\u00e9fono m\u00f3vil<\/span><\/td>\n<td class=\"tableSecondContent\">Red disponible solo en algunos puntos de la ruta.<\/td>\n<td class=\"tableMainContent\">R<\/td>\n<td class=\"tableMainContent\">R<\/td>\n<td class=\"tableMainContent\">R<\/td>\n<td class=\"tableMainContent\">R<\/td>\n<td class=\"tableMainContent\">R<\/td>\n<\/tr>\n<tr class=\"primeroRowz\">\n<td colspan=\"2\" class=\"primeroInverse\">VESTIMENTA<br \/><span class=\"textHighlightzDos\">(O: Obligatorio \/ R: Recomendado \/ N: No Aplica)<\/span><\/td>\n<td>5K<\/td>\n<td>14K<\/td>\n<td>21K<\/td>\n<td>35K<\/td>\n<td>50K<\/td>\n<\/tr>\n<tr class=\"segundoRowz\">\n<td class=\"tableFirstContent\"><span class=\"textHighlightz\">Chaqueta impermeable con gorro<\/span><\/td>\n<td class=\"tableSecondContent\">La capa exterior tiene la misi\u00f3n de impedir el paso del viento y de la lluvia. Te recomendamos utilizar un impermeable con membranas respirables tipo Gore-Tex u otras.<\/td>\n<td class=\"tableMainContent\">O<\/td>\n<td class=\"tableMainContent\">O<\/td>\n<td class=\"tableMainContent\">O<\/td>\n<td class=\"tableMainContent\">O<\/td>\n<td class=\"tableMainContent\">O<\/td>\n<\/tr>\n<tr class=\"segundoRowz\">\n<td class=\"tableFirstContent\"><span class=\"textHighlightz\">Camiseta manga larga<\/span><\/td>\n<td class=\"tableSecondContent\">Tipo primera capa o de mayor espesor dependiendo de las condiciones<br \/>\nmeteorol\u00f3gicas.<\/td>\n<td class=\"tableMainContent\">O<\/td>\n<td class=\"tableMainContent\">O<\/td>\n<td class=\"tableMainContent\">O<\/td>\n<td class=\"tableMainContent\">O<\/td>\n<td class=\"tableMainContent\">O<\/td>\n<\/tr>\n<tr class=\"segundoRowz\">\n<td class=\"tableFirstContent\"><span class=\"textHighlightz\">Gorro<\/span><\/td>\n<td class=\"tableSecondContent\">A pesar de ir descubierta, la cabeza se mantiene caliente gracias a su red de vasos sangu\u00edneos. Sin embargo, debes tener en cuenta que por la cabeza se pierde m\u00e1s del 30% del calor corporal. Por esto es muy importante protegerla mediante el gorro. Adem\u00e1s servir\u00e1 de protecci\u00f3n a tus o\u00eddos.<\/td>\n<td class=\"tableMainContent\">O<\/td>\n<td class=\"tableMainContent\">O<\/td>\n<td class=\"tableMainContent\">O<\/td>\n<td class=\"tableMainContent\">O<\/td>\n<td class=\"tableMainContent\">O<\/td>\n<\/tr>\n<tr class=\"segundoRowz\">\n<td class=\"tableFirstContent\"><span class=\"textHighlightz\">Guantes<\/span><\/td>\n<td class=\"tableSecondContent\">Las manos son la \u00fanica parte del cuerpo que no entra en calor al correr, esto es porque la circulaci\u00f3n sangu\u00ednea se centra en los m\u00fasculos. Te sugerimos el uso de guantes, idealmente windstopper u otro material similar.<\/td>\n<td class=\"tableMainContent\">O<\/td>\n<td class=\"tableMainContent\">O<\/td>\n<td class=\"tableMainContent\">O<\/td>\n<td class=\"tableMainContent\">O<\/td>\n<td class=\"tableMainContent\">O<\/td>\n<\/tr>\n<tr class=\"segundoRowz\">\n<td class=\"tableFirstContent\"><span class=\"textHighlightz\">Chaqueta t\u00e9rmica sint\u00e9tica<\/span><\/td>\n<td class=\"tableSecondContent\">Al mal tiempo buena cara! Ante condiciones meteorol\u00f3gicas adversas, una buena chaqueta t\u00e9rmica te ayudar\u00e1 a seguir disfrutando de la naturaleza. Te recomendamos portar una de al menos 167gr, con relleno sint\u00e9tico (Primaloft, Thermoball, Coreloft o similar).<\/td>\n<td class=\"tableMainContent\">R<\/td>\n<td class=\"tableMainContent\">R<\/td>\n<td class=\"tableMainContent\">R<\/td>\n<td class=\"tableMainContent\">R<\/td>\n<td class=\"tableMainContent\">R<\/td>\n<\/tr>\n<tr class=\"segundoRowz\">\n<td class=\"tableFirstContent\"><span class=\"textHighlightz\">Pantalones largos a elecci\u00f3n<\/span><\/td>\n<td class=\"tableSecondContent\">Calza, primera capa inferior u otro que cubra toda la pierna.<\/td>\n<td class=\"tableMainContent\">R<\/td>\n<td class=\"tableMainContent\">R<\/td>\n<td class=\"tableMainContent\">R<\/td>\n<td class=\"tableMainContent\">R<\/td>\n<td class=\"tableMainContent\">R<\/td>\n<\/tr>\n<tr class=\"segundoRowz\">\n<td class=\"tableFirstContent\"><span class=\"textHighlightz\">Cortaviento<\/span><\/td>\n<td class=\"tableSecondContent\">Aunque no reemplaza al impermeable, en la Patagonia es una de las prendas ideales, que te permite correr en forma confortable frente a una amplia gama de condiciones meteorol\u00f3gicas.<\/td>\n<td class=\"tableMainContent\">R<\/td>\n<td class=\"tableMainContent\">R<\/td>\n<td class=\"tableMainContent\">R<\/td>\n<td class=\"tableMainContent\">R<\/td>\n<td class=\"tableMainContent\">R<\/td>\n<\/tr>\n<tr class=\"primeroRowz\">\n<td colspan=\"2\" class=\"primeroInverse\">KIT DE PRIMEROS AUXILIOS<sup style=\"top: 3px;position: relative;\">*<\/sup><br \/><span class=\"textHighlightzDos\">(O: Obligatorio \/ R: Recomendado \/ N: No Aplica)<\/span><\/td>\n<td>5K<\/td>\n<td>14K<\/td>\n<td>21K<\/td>\n<td>35K<\/td>\n<td>50K<\/td>\n<\/tr>\n<tr class=\"segundoRowz\">\n<td class=\"tableFirstContent\"><span class=\"textHighlightz\">2 x Dos ap\u00f3sitos est\u00e9riles<\/span><\/td>\n<td class=\"tableSecondContent\">Tama\u00f1o Recomendado: 10cm x 10cm<\/td>\n<td class=\"tableMainContent\">R<\/td>\n<td class=\"tableMainContent\">R<\/td>\n<td class=\"tableMainContent\">R<\/td>\n<td class=\"tableMainContent\">O<\/td>\n<td class=\"tableMainContent\">O<\/td>\n<\/tr>\n<tr class=\"segundoRowz\">\n<td class=\"tableFirstContent\"><span class=\"textHighlightz\">1 x Cinta adhesiva<\/span><\/td>\n<td class=\"tableSecondContent\">Tama\u00f1o Recomendado: 3cm x 50cm de largo<\/td>\n<td class=\"tableMainContent\">R<\/td>\n<td class=\"tableMainContent\">R<\/td>\n<td class=\"tableMainContent\">R<\/td>\n<td class=\"tableMainContent\">O<\/td>\n<td class=\"tableMainContent\">O<\/td>\n<\/tr>\n<tr class=\"segundoRowz\">\n<td class=\"tableFirstContent\"><span class=\"textHighlightz\">1 x Venda el\u00e1stica<\/span><\/td>\n<td class=\"tableSecondContent\">Tama\u00f1o Recomendado: 6cm x 60cm de largo<\/td>\n<td class=\"tableMainContent\">R<\/td>\n<td class=\"tableMainContent\">R<\/td>\n<td class=\"tableMainContent\">R<\/td>\n<td class=\"tableMainContent\">O<\/td>\n<td class=\"tableMainContent\">O<\/td>\n<\/tr>\n<tr class=\"segundoRowz\">\n<td class=\"tableFirstContent\"><span class=\"textHighlightz\">1 x Suero fisiol\u00f3gico<\/span><\/td>\n<td class=\"tableSecondContent\">Tama\u00f1o Recomendado: 5ml<\/td>\n<td class=\"tableMainContent\">R<\/td>\n<td class=\"tableMainContent\">R<\/td>\n<td class=\"tableMainContent\">R<\/td>\n<td class=\"tableMainContent\">O<\/td>\n<td class=\"tableMainContent\">O<\/td>\n<\/tr>\n<tr class=\"segundoRowz\">\n<td class=\"tableFirstContent\"><span class=\"textHighlightz\">5 x Parches de afrontamiento<\/span><\/td>\n<td class=\"tableSecondContent\">Para reemplazar a los puntos de sutura.<\/td>\n<td class=\"tableMainContent\">R<\/td>\n<td class=\"tableMainContent\">R<\/td>\n<td class=\"tableMainContent\">R<\/td>\n<td class=\"tableMainContent\">O<\/td>\n<td class=\"tableMainContent\">O<\/td>\n<\/tr>\n<tr class=\"segundoRowz\">\n<td class=\"tableFirstContent\"><span class=\"textHighlightz\">Medicamentos personales<\/span><\/td>\n<td class=\"tableSecondContent\">Paracetamol, ibuprofeno u otros<\/td>\n<td class=\"tableMainContent\">R<\/td>\n<td class=\"tableMainContent\">R<\/td>\n<td class=\"tableMainContent\">R<\/td>\n<td class=\"tableMainContent\">R<\/td>\n<td class=\"tableMainContent\">R<\/td>\n<\/tr>\n<tr class=\"primeroRowz\">\n<td colspan=\"8\" class=\"terceroColumnz noteInclude\"><strong>(*)<\/strong> Si no logras encontrar las medidas recomendadas en los \u00edtems del kit de primeros auxilios, puedes reemplazarlas por dimensiones similares.<\/td>\n<\/tr>\n<\/tbody>\n<\/table>\n<\/div>\n<p><\/p>","protected":false},"excerpt":{"rendered":"<p>Es muy importante que estudies esta secci\u00f3n pensando en tus caracter\u00edsticas, habilidades y experiencia personal. Considerando las condiciones geogr\u00e1ficas y meteorol\u00f3gicas de la zona de carrera, el equipamiento obligatorio y recomendado por la organizaci\u00f3n busca mejorar tu experiencia y fortalecer tu seguridad personal. Sin embargo, seleccionar y evaluar cada elemento del equipamiento es tu responsabilidad. [&hellip;]<\/p>\n","protected":false},"author":1,"featured_media":0,"parent":0,"menu_order":0,"comment_status":"closed","ping_status":"closed","template":"","meta":[],"_links":{"self":[{"href":"https:\/\/www.ultrapaine.com\/es\/wp-json\/wp\/v2\/pages\/146"}],"collection":[{"href":"https:\/\/www.ultrapaine.com\/es\/wp-json\/wp\/v2\/pages"}],"about":[{"href":"https:\/\/www.ultrapaine.com\/es\/wp-json\/wp\/v2\/types\/page"}],"author":[{"embeddable":true,"href":"https:\/\/www.ultrapaine.com\/es\/wp-json\/wp\/v2\/users\/1"}],"replies":[{"embeddable":true,"href":"https:\/\/www.ultrapaine.com\/es\/wp-json\/wp\/v2\/comments?post=146"}],"version-history":[{"count":15,"href":"https:\/\/www.ultrapaine.com\/es\/wp-json\/wp\/v2\/pages\/146\/revisions"}],"predecessor-version":[{"id":812,"href":"https:\/\/www.ultrapaine.com\/es\/wp-json\/wp\/v2\/pages\/146\/revisions\/812"}],"wp:attachment":[{"href":"https:\/\/www.ultrapaine.com\/es\/wp-json\/wp\/v2\/media?parent=146"}],"curies":[{"name":"wp","href":"https:\/\/api.w.org\/{rel}","templated":true}]}}