{"id":162,"date":"2024-06-12T20:47:30","date_gmt":"2024-06-12T20:47:30","guid":{"rendered":"https:\/\/www.brown.endurancepatagonia.com\/?page_id=162"},"modified":"2025-11-20T17:34:36","modified_gmt":"2025-11-20T17:34:36","slug":"map","status":"publish","type":"page","link":"https:\/\/www.ultrapaine.com\/es\/map","title":{"rendered":"Mapa y Perfil de Elevaci\u00f3n"},"content":{"rendered":"<p><\/p>\n<style>\n#bannerPage {\nbackground-image: url('https:\/\/cdn.racingpatagonia.com\/utpaine\/images\/2025\/UP25_TorresdelPaine_Web_Background_15_2.jpg') !important;\nbackground-position: center;\n}\nsup {\nposition: relative;\ntop: 4px;\n}\ntd {\nborder: 1px solid #000;\n}\n.titleSeperators {\nbackground-color: var(--color-yellowtext)!important;\nline-height: 15px;\n}\n.titleSeperatorsReverse {\nbackground-color: var(--color-brownbground);\nline-height: 15px;\n}\n.seperatorTitles {\nfont-family: 'DCC_Ash';\nfont-weight: 100;\ntext-rendering: geometricPrecision;\n-webkit-font-smoothing: antialiased;\n-moz-osx-font-smoothing: grayscale !important;\ncolor: var(--color-brownbground);\ntext-shadow: 1px 0px 1px #fff, 0px 0px 1px #fff;\ntext-align:center;\npadding: 5px 2px 3px 2px;\nletter-spacing: 3px;\nmargin: 0 auto;\ntext-transform: uppercase;\n}\n.seperatorTitlesReverse {\ncolor: var(--color-yellowtext)!important;\ntext-shadow: 1px 0px 1px #000, 1px 0px 1px #000;\n}\n.squeezed {\nmargin: 0em 2.5em;\n}\n#trademark {\nfont-family: PressStyleExtra !important;\nposition: relative;\ntop: -55px;\nfont-size: 30px;\nleft: 35px;\n}\n#shiftMarginOne {\nmargin-top: 195px;\n}\n.raceDetails {\nwidth: 100%;\nmargin: 20px 0px;\ntext-align: center;\n}\n.squeezeMapsOne {\nwidth: 50%;\nmargin: 0 auto;\n}\n.squeezeMaps {\nwidth: 75%;\nmargin: 0 auto;\n}\n.imageResize {\n    width: 100%;\n    text-align: center;\n    margin: 0 auto;\n    max-width: 100%;\n    height: auto;\n}\n.upTrademark {\nposition: relative;\ntop: 4px;\n}\n.tableStylingz {\ndisplay: table;\ntext-shadow: none;\nmargin: 0 auto !important;\noverflow: auto;\n}\n.noteInclude {\nfont-size:12px;\nbackground-color:#ffe05973 !important;\ncolor: var(--color-brownbground);\ntext-shadow: none;\n}\n.primeroColumnz, .segundoColumnz, .primeroColumnzDos, .segundoColumnzDos {\ntext-transform: initial;\nfont-size: 15px;\nwidth: 15%;\n}\n.terceroColumnz {\ntext-transform: initial;\n}\n.distanceHeader {\nfont-size: 2.5em;\ncolor:#fff;\nfont-family: DCC_Ash;\nletter-spacing: 2px;\ntext-shadow: 0px 0px 1px #000, 1px 1px 1px #000;\nfont-weight: normal;\n-webkit-font-smoothing: antialiased;\n-moz-osx-font-smoothing: grayscale !important;\ntext-rendering: geometricPrecision;\npadding: 15px 0px 0px 0px;\n}\n#scrollTable {\nwidth:100%;\nheight:100%;\nmargin-bottom: 20px;\n}\n#trainingPlan {\nmargin: 0 auto !important;\ntext-align: center;\npadding: 0px 20px;\n}\n.innerTileHeading {\ntext-align: center;\nfont-size: 35px;\ncolor: #F6C214;\ntext-rendering: geometricPrecision;\nfont-weight: 400;\n-webkit-font-smoothing: antialiased;\n-moz-osx-font-smoothing: grayscale!important;\npadding: 25px 0px 5px 0px;\nletter-spacing: 1px;\nmargin-top: 25px!important;\ntext-transform: uppercase;\nfont-family: Futura;\nline-height: 120%;\ntext-shadow: 1px 1px 1px #000;\n}\n.innerTileSplitz {\ncolor: #3b2314;\ntext-shadow: 1px 1px 1px #fff;\n}\n.hrSplitz:before {\nbackground: linear-gradient(270deg,hsla(0,0%,100%,0),#3b2314 50%,hsla(0,0%,100%,0));\ncontent: \"\";\nheight: 1px;\nleft: 0;\nposition: absolute;\nwidth: 100%;\n}\n#buttonz {\ndisplay: inline-flex;\nwidth: 100%;\nmax-width: 700px;\nmargin: 0 auto;\npadding: 20px 0px 20px 0px;\njustify-content: space-around;\nflex-direction: row;\n}\n#buttonzRight {\ndisplay: block;\nwidth: 100%;\nmax-width: 300px;\nbackground-color: var(--color-yellowtext);\npadding: 5px;\ntext-align: center;\nborder-radius: 5px;\nborder: 2px solid #6e6e6e;\nmargin: 0 auto;\nheight: 100px;\nbox-shadow: 1px 1px 1px #6e6e6e;\n}\n#buttonzLeft {\ndisplay: block;\nwidth: 100%;\nmax-width: 300px;\nbackground-color: var(--color-brownbground);\npadding: 5px;\ntext-align: center;\nborder-radius: 5px;\nborder: 2px solid #6e6e6e;\nmargin: 0 auto;\nheight: 100px;\nbox-shadow: 1px 1px 1px #6e6e6e;\n}\n#buttonzRight:hover, #buttonzLeft:hover {\nopacity: 0.8;\nbox-shadow: 2px 2px 2px #000;\n}\n.buttonzFont {\nfont-size: 18px;\ncolor: #fff;\ntext-shadow: 1px 1px 1px #000, 1px 1px 1px #000;\nfont-family: 'Futura';\ntext-rendering: geometricPrecision;\nfont-weight: normal;\n-webkit-font-smoothing: antialiased;\n-moz-osx-font-smoothing: grayscale !important;\nline-height: 140%;\nbackground-repeat: no-repeat;\nletter-spacing: 3px;\ntext-transform: uppercase;\nwhite-space: pre-wrap;\n}\n.buttonWidthz {\nwidth: 50%;\n}\n#tableDifficultyChart {\nbackground-image: url(https:\/\/www.cdn.racingpatagonia.com\/static\/easychallenging.png);\nbackground-size: cover;\nbackground-repeat: no-repeat;\nbackground-position: center;\nborder: 1px solid #fff !important;\npadding: 2rem;\n}\n.brownHighlightz {\ncolor:#fbd606;\nposition: relative;\ntop: 2px;\n}\n.darkYellowChange {\ntext-shadow: 1px 0px 1px var(--color-brownbground), 1px 1px 1px var(--color-brownbground), 1px 1px 1px var(--color-brownbground);\ncolor: var(--color-yellowtext);\n}\n.tablePaine {\nbackground-color: var(--color-yellowtext)!important;\ncolor: var(--color-brownbground);\ntext-shadow: 1px 1px 1px #fff;\nletter-spacing: 1px;\nfont-family: 'DCC_Ash';\nfont-weight: normal;\n-webkit-font-smoothing: antialiased;\n-moz-osx-font-smoothing: grayscale !important;\ntext-rendering: geometricPrecision;\nfont-size: 2.5em;\nvertical-align: middle;\npadding: 15px 5px 0px 5px;\nline-height: 100%;\ntext-transform: uppercase;\n}\n@media (max-width: 960px) {\n#buttonz {\nflex-direction: column;\n}\n.buttonWidthz {\nwidth: 100%;\nmargin: 20px 0px;\n}\n.hrSplitz:before {\n    background: linear-gradient(270deg,hsla(0,0%,100%,0),#3b2314 50%,hsla(0,0%,100%,0));\n}\n.scrollTable {\noverflow: scroll;\n}\n}\n@media (max-width: 510px) {\n#buttonz {\nflex-direction: column;\n}\n.buttonWidthz {\nwidth: 100%;\nmargin: 20px 0px;\n}\n.hrSplitz:before {\n    background: linear-gradient(270deg,hsla(0,0%,100%,0),#3b2314 50%,hsla(0,0%,100%,0));\n}\n.scrollTable {\noverflow: scroll;\n}\n}\n@media screen and (max-width: 736px) {\n#buttonz {\nflex-direction: column;\n}\n.buttonWidthz {\nwidth: 100%;\nmargin: 20px 0px;\n}\n.hrSplitz:before {\n    background: linear-gradient(270deg,hsla(0,0%,100%,0),#3b2314 50%,hsla(0,0%,100%,0));\n}\n.scrollTable {\noverflow: scroll;\n}\n#bannerPage {\nbackground-position: center;\n}\n}\n@media screen and (max-width: 480px) {\n#buttonz {\nflex-direction: column;\n}\n.buttonWidthz {\nwidth: 100%;\nmargin: 20px 0px;\n}\n.hrSplitz:before {\n    background: linear-gradient(270deg,hsla(0,0%,100%,0),#3b2314 50%,hsla(0,0%,100%,0));\n}\n.scrollTable {\noverflow: scroll;\n}\n@media screen and (max-width: 480px) and (orientation: portrait) {\n#buttonz {\nflex-direction: column;\n}\n.buttonWidthz {\nwidth: 100%;\nmargin: 20px 0px;\n}\n.hrSplitz:before {\n    background: linear-gradient(270deg,hsla(0,0%,100%,0),#3b2314 50%,hsla(0,0%,100%,0));\n}\n.scrollTable {\noverflow: scroll;\n}\n#bannerPage {\nbackground-position: center;\n}\n}\n<\/style>\n<div class=\"titleSeperators\">\n<h2 class=\"seperatorTitles\">MAPA<\/h2>\n<\/div>\n<p>\n<a name=\"mapa\"><\/a><\/p>\n<div class=\"squeezeMaps\">\n<a href=\"https:\/\/www.ultrapaine.com\/assets\/map\/2026\/Ultra_Paine_2026_Mapa.jpg\" target=\"_blank\" rel=\"noopener noreferrer\" title=\"Ultra Paine 2026 Mapa Versi\u00f3n Completa\"><img decoding=\"async\" src=\"https:\/\/www.ultrapaine.com\/assets\/map\/2026\/Ultra_Paine_2026_Mapa_900px.png\" alt=\"Mapa Ultra Paine 2026 900px\" id=\"mapMarginz\" class=\"imageResize\" \/><\/a>\n<\/div>\n<div style=\"margin-top:25px;\" class=\"titleSeperators\">\n<h2 class=\"seperatorTitles\">Perfil de Elevaci\u00f3n &#038; Puntos de Asistencia<\/h2>\n<\/div>\n<p><\/p>\n<div class=\"titleSeperatorsReverse\">\n<h2 class=\"seperatorTitles seperatorTitlesReverse\">50K &#8211; 35K &#8211; 21K &#8211; 14K<\/h2>\n<\/div>\n<div class=\"squeezeMapsOne\">\n<div class=\"raceDetails\">\n<a name=\"perfil\"><\/a><a href=\"https:\/\/www.ultrapaine.com\/assets\/map\/2025\/Ultra_Paine_2025_Perfil.jpg\" target=\"_blank\" rel=\"noopener noreferrer\" title=\"Perfil de Elevaci\u00f3n - Puntos de Asistencia Ultra Paine 2025 Versi\u00f3n Completa\"><img decoding=\"async\" src=\"https:\/\/www.ultrapaine.com\/assets\/map\/2025\/Ultra_Paine_2025_Perfil_900px.jpg\" alt=\"Perfil de Elevaci\u00f3n - Puntos de Asistencia Ultra Paine 2025 900px\" class=\"imageResize\" \/><\/a>\n<\/div>\n<\/div>\n<div class=\"titleSeperatorsReverse\">\n<h2 class=\"seperatorTitles seperatorTitlesReverse\">5K<\/h2>\n<\/div>\n<div class=\"squeezeMapsOne\">\n<div class=\"raceDetails\">\n<a name=\"perfil\"><\/a><a href=\"https:\/\/www.ultrapaine.com\/assets\/map\/2025\/Ultra_Paine_2025_Perfil_5K.jpg\" target=\"_blank\" rel=\"noopener noreferrer\" title=\"Perfil de Elevaci\u00f3n - Puntos de Asistencia Ultra Paine 2025 5K Versi\u00f3n Completa\"><img decoding=\"async\" src=\"https:\/\/www.ultrapaine.com\/assets\/map\/2025\/Ultra_Paine_2025_Perfil_5K_900px.jpg\" alt=\"Perfil de Elevaci\u00f3n - Puntos de Asistencia Ultra Paine 2025 5K 900px\" class=\"imageResize\" \/><\/a>\n<\/div>\n<\/div>\n<p><\/p>\n<div>\n<div class=\"titleSeperators\">\n<h2 class=\"seperatorTitles\">Detalles de la Ruta<\/h2>\n<\/div>\n<p><\/p>\n<div class=\"scrollTable\">\n<table class=\"aligncenter tableStylingz\">\n<tbody>\n<tr>\n<td rowspan=\"2\" class=\"tablePaine\">S\u00e1bado<br \/><span style=\"font-size:30px;\">26 septiembre<\/span><\/td>\n<td id=\"tableDifficultyChart\" colspan=\"5\"><\/td>\n<\/tr>\n<tr>\n<td class=\"primeroColumnzDos distanceHeader\">5K<\/td>\n<td class=\"primeroColumnz distanceHeader\">14K<\/td>\n<td class=\"primeroColumnz distanceHeader\">21K<\/td>\n<td class=\"primeroColumnz distanceHeader\">35K<\/td>\n<td class=\"segundoColumnz distanceHeader\">50K<\/td>\n<\/tr>\n<tr>\n<td class=\"terceroColumnz\">Distancia (km)<\/td>\n<td class=\"primeroColumnzDos\">5,3<\/td>\n<td class=\"primeroColumnz\">14,2<\/td>\n<td class=\"primeroColumnz\">21,5<\/td>\n<td class=\"primeroColumnz\">35,8<\/td>\n<td class=\"segundoColumnz\">51,5<\/td>\n<\/tr>\n<tr>\n<td class=\"terceroColumnz\">Distancia (millas)<\/td>\n<td class=\"primeroColumnzDos\">3,3<\/td>\n<td class=\"primeroColumnz\">8,6<\/td>\n<td class=\"primeroColumnz\">13,4<\/td>\n<td class=\"primeroColumnz\">22,0<\/td>\n<td class=\"segundoColumnz\">31,8<\/td>\n<\/tr>\n<tr>\n<td class=\"terceroColumnz\">Desnivel(+)<\/td>\n<td class=\"primeroColumnzDos\">24<strong class=\"smallmz\">m<\/strong><\/td>\n<td class=\"primeroColumnz\">386<strong class=\"smallmz\">m<\/strong><\/td>\n<td class=\"primeroColumnz\">722<strong class=\"smallmz\">m<\/strong><\/td>\n<td class=\"primeroColumnz\">1.167<strong class=\"smallmz\">m<\/strong><\/td>\n<td class=\"segundoColumnz\">1.333<strong class=\"smallmz\">m<\/strong><\/td>\n<\/tr>\n<tr>\n<td class=\"terceroColumnz\">Desnivel(-)<\/td>\n<td class=\"primeroColumnzDos\">24<strong class=\"smallmz\">m<\/strong><\/td>\n<td class=\"primeroColumnz\">636<strong class=\"smallmz\">m<\/strong><\/td>\n<td class=\"primeroColumnz\">812<strong class=\"smallmz\">m<\/strong><\/td>\n<td class=\"primeroColumnz\">1.233<strong class=\"smallmz\">m<\/strong><\/td>\n<td class=\"segundoColumnz\">1.409<strong class=\"smallmz\">m<\/strong><\/td>\n<tr>\n<td class=\"terceroColumnz\">Altitud M\u00e1xima<\/td>\n<td class=\"primeroColumnzDos\">34 msnm<\/td<\/td>\n<td class=\"primeroColumnz\">450 msnm<\/td>\n<td class=\"primeroColumnz\">450 msnm<\/td>\n<td class=\"primeroColumnz\">450 msnm<\/td>\n<td class=\"segundoColumnz\">450 msnm<\/td>\n<\/tr>\n<tr>\n<td class=\"terceroColumnz\">Tiempo M\u00e1ximo<\/td>\n<td class=\"primeroColumnzDos\">1,5<\/td>\n<td class=\"primeroColumnz\">5 h<\/td>\n<td class=\"primeroColumnz\">7 h<\/td>\n<td class=\"primeroColumnz\">8 h<\/td>\n<td class=\"segundoColumnz\">11 h<\/td>\n<\/tr>\n<tr>\n<td class=\"terceroColumnz\">Lugar de Partida<\/td>\n<td class=\"primeroColumnzDos\">Hotel del Paine<br \/>Ruta Y-290<\/td>\n<td class=\"primeroColumnz\">Mirador<br \/>Grey<br \/>Ruta Y-290<\/td>\n<td class=\"primeroColumnz\">Acceso<br \/>Patagonia Camp<br \/>Ruta Y-290<\/td>\n<td class=\"primeroColumnz\">Cruce Bah\u00eda El Bote<br \/>Ruta Y-202<\/td>\n<td class=\"segundoColumnz\">Estancia <br \/>El Kark<br \/>Ruta Y-200<\/td>\n<\/tr>\n<tr>\n<td class=\"terceroColumnz\">Partida (D\u00eda\/Hora)<\/td>\n<td class=\"primeroColumnzDos\">26 Sep<br \/><span class=\"brownHighlightz\">09:30<\/span><\/td>\n<td class=\"primeroColumnz\">26 Sep<br \/><span class=\"brownHighlightz\">09:30<\/span><\/td>\n<td class=\"primeroColumnz\">26 Sep<br \/><span class=\"brownHighlightz\">11:00<\/span><\/td>\n<td class=\"primeroColumnz\">26 Sep<br \/><span class=\"brownHighlightz\">11:30<\/span><\/td>\n<td class=\"segundoColumnz\">26 Sep<br \/><span class=\"brownHighlightz\">08:30<\/span><\/td>\n<\/tr>\n<tr>\n<td class=\"terceroColumnz\">Cierre de Meta (D\u00eda\/Hora)<\/td>\n<td class=\"primeroColumnzDos\">26 Sep<br \/><span class=\"brownHighlightz\">11:00<\/span><\/td>\n<td class=\"primeroColumnz\">26 Sep<br \/><span class=\"brownHighlightz\">14:30<\/span><\/td>\n<td class=\"primeroColumnz\">26 Sep<br \/><span class=\"brownHighlightz\">18:00<\/span><\/td>\n<td class=\"primeroColumnz\">26 Sep<br \/><span class=\"brownHighlightz\">19:30<\/span><\/td>\n<td class=\"segundoColumnz\">26 Sep<br \/><span class=\"brownHighlightz\">19:30<\/span><\/td>\n<\/tr>\n<tr>\n<td class=\"terceroColumnz\">Horarios de Corte<\/td>\n<td class=\"primeroColumnzDos\">NO<\/td>\n<td class=\"primeroColumnz\">NO<\/td>\n<td class=\"primeroColumnz\">NO<\/td>\n<td class=\"primeroColumnz\">Mirador Grey<br \/><span class=\"brownHighlightz\">16:30<\/span><\/td>\n<td class=\"segundoColumnz\">Mirador Grey<br \/><span class=\"brownHighlightz\">16:30<\/span><\/td>\n<\/tr>\n<tr>\n<td class=\"terceroColumnz\">Lugar de Meta<\/td>\n<td class=\"primeroColumnzDos\">Hotel del Paine<br \/>Villa R\u00edo Serrano<\/td>\n<td class=\"primeroColumnz\">Hotel del Paine<br \/>Villa R\u00edo Serrano<\/td>\n<td class=\"primeroColumnz\">Hotel del Paine<br \/>Villa R\u00edo Serrano<\/td>\n<td class=\"primeroColumnz\">Hotel del Paine<br \/>Villa R\u00edo Serrano<\/td>\n<td class=\"segundoColumnz\">Hotel del Paine<br \/>Villa R\u00edo Serrano<\/td>\n<\/tr>\n<tr>\n<td class=\"terceroColumnz\">Puntos de Asistencia (PAS)*<\/td>\n<td class=\"primeroColumnzDos\">3<\/td>\n<td class=\"primeroColumnz\">3<\/td>\n<td class=\"primeroColumnz\">4<\/td>\n<td class=\"primeroColumnz\">5<\/td>\n<td class=\"segundoColumnz\">7<\/td>\n<\/tr>\n<tr>\n<td class=\"terceroColumnz\">Drop Bag (DB)**<\/td>\n<td class=\"primeroColumnzDos\">1<\/td>\n<td class=\"primeroColumnz\">1<\/td>\n<td class=\"primeroColumnz\">1<\/td>\n<td class=\"primeroColumnz\">1<\/td>\n<td class=\"segundoColumnz\">1<\/td>\n<\/tr>\n<tr>\n<td class=\"terceroColumnz\">Puntos ITRA<\/td>\n<td class=\"primeroColumnzDos\">&#8211;<\/td>\n<td class=\"primeroColumnz\">&#8211;<\/td>\n<td class=\"primeroColumnz\">1<\/td>\n<td class=\"primeroColumnz\">2<\/td>\n<td class=\"segundoColumnz\">2<\/td>\n<\/tr>\n<tr>\n<td class=\"terceroColumnz\">Equipamiento Obligatorio<\/p>\n<td class=\"primeroColumnzDos\">S\u00ed<\/td>\n<td class=\"primeroColumnz\">S\u00ed<\/td>\n<td class=\"primeroColumnz\">S\u00ed<\/td>\n<td class=\"primeroColumnz\">S\u00ed<\/td>\n<td class=\"segundoColumnz\">S\u00ed<\/td>\n<\/tr>\n<tr>\n<td class=\"terceroColumnz noteInclude\" colspan=\"7\"><strong>*<\/strong> Los puntos de Partida y Meta est\u00e1n considerados como PAS.<\/td>\n<\/tr>\n<tr>\n<td class=\"terceroColumnz noteInclude\" colspan=\"7\"><strong>**<\/strong> Para todas las distancias el \u00fanico Drop bag (DB) es el que se recibe en las partidas y se entrega en la meta.<\/td>\n<\/tr>\n<tr>\n<td class=\"terceroColumnz noteInclude\" colspan=\"7\"><strong>NOTA ADICIONAL<\/strong>: El contenido incluido en la tabla es preliminar y est\u00e1 sujeto a cambios. Podr\u00eda modificarse en los pr\u00f3ximos meses.<\/td>\n<\/tr>\n<\/tbody>\n<\/table>\n<\/div>\n<\/div>\n<p><\/p>\n<div id=\"trainingPlan\" class=\"hrSplitz\" style=\"display:none;\">\n<h3 class=\"innerTileHeading\" id=\"routeDetailz\">Calcula tu tiempo de carrera y <span class=\"innerTileSplitz\">prepara tu entrenamiento<\/span><\/h3>\n<p><\/p>\n<p class=\"fontz\">Nuestros Partners de <strong>Soy Maratonista<\/strong> y <strong>Running.COACH<\/strong> ofrecen una herramienta de pron\u00f3stico de carrera que toma en cuenta la altimetr\u00eda de la ruta, la cual te entrega una tabla de tiempos kil\u00f3metro a kil\u00f3metro para que planifiques tu estrategia de carrera y alcances tu mejor actuaci\u00f3n.<\/p>\n<p><\/p>\n<p class=\"fontz\"> Adem\u00e1s, tienen disponible para ti planes personalizados que toman en cuenta tus condiciones f\u00edsicas, objetivos y caracter\u00edsticas de la carrera. Para nuestro evento tienen una oferta especial de <strong>15 d\u00edas de prueba y un 50% de descuento<\/strong>.<\/p>\n<p><\/p>\n<div id=\"buttonz\" style=\"margin-bottom:30px;\">\n<div class=\"buttonWidthz\">\n<button id=\"buttonzLeft\" onclick=\"window.open('https:\/\/runningcoach.me\/en\/race_prognosis', '_blank');\" onclick=\"trackOutboundLink('https:\/\/runningcoach.me\/en\/race_prognosis'); return true;\"><span class=\"buttonzFont\" id=\"marginChangeDos\">CALCULA<br \/>TU TIEMPO<\/span><\/button><\/div>\n<div class=\"buttonWidthz\"><button id=\"buttonzRight\" onclick=\"window.open('https:\/\/runningcoach.me\/en\/events\/13182', '_blank');\" onclick=\"trackOutboundLink('https:\/\/runningcoach.me\/en\/events\/13182'); return true;\"><span class=\"buttonzFont\" style=\"color: #382416;text-shadow: 1px 1px 1px #fff;\" id=\"marginChange\">QUIERO SABER M\u00c1S SOBRE PLANES DE ENTRENAMIENTO<\/span><\/div>\n<p><\/button>\n<\/div>\n<\/div>\n<p><\/p>","protected":false},"excerpt":{"rendered":"<p>MAPA Perfil de Elevaci\u00f3n &#038; Puntos de Asistencia 50K &#8211; 35K &#8211; 21K &#8211; 14K 5K Detalles de la Ruta S\u00e1bado26 septiembre 5K 14K 21K 35K 50K Distancia (km) 5,3 14,2 21,5 35,8 51,5 Distancia (millas) 3,3 8,6 13,4 22,0 31,8 Desnivel(+) 24m 386m 722m 1.167m 1.333m Desnivel(-) 24m 636m 812m 1.233m 1.409m Altitud M\u00e1xima [&hellip;]<\/p>\n","protected":false},"author":1,"featured_media":0,"parent":0,"menu_order":0,"comment_status":"closed","ping_status":"closed","template":"","meta":[],"_links":{"self":[{"href":"https:\/\/www.ultrapaine.com\/es\/wp-json\/wp\/v2\/pages\/162"}],"collection":[{"href":"https:\/\/www.ultrapaine.com\/es\/wp-json\/wp\/v2\/pages"}],"about":[{"href":"https:\/\/www.ultrapaine.com\/es\/wp-json\/wp\/v2\/types\/page"}],"author":[{"embeddable":true,"href":"https:\/\/www.ultrapaine.com\/es\/wp-json\/wp\/v2\/users\/1"}],"replies":[{"embeddable":true,"href":"https:\/\/www.ultrapaine.com\/es\/wp-json\/wp\/v2\/comments?post=162"}],"version-history":[{"count":31,"href":"https:\/\/www.ultrapaine.com\/es\/wp-json\/wp\/v2\/pages\/162\/revisions"}],"predecessor-version":[{"id":884,"href":"https:\/\/www.ultrapaine.com\/es\/wp-json\/wp\/v2\/pages\/162\/revisions\/884"}],"wp:attachment":[{"href":"https:\/\/www.ultrapaine.com\/es\/wp-json\/wp\/v2\/media?parent=162"}],"curies":[{"name":"wp","href":"https:\/\/api.w.org\/{rel}","templated":true}]}}