{"id":181,"date":"2024-06-13T19:31:39","date_gmt":"2024-06-13T19:31:39","guid":{"rendered":"https:\/\/www.brown.endurancepatagonia.com\/?page_id=181"},"modified":"2025-12-26T23:55:23","modified_gmt":"2025-12-26T23:55:23","slug":"registration","status":"publish","type":"page","link":"https:\/\/www.ultrapaine.com\/es\/registration","title":{"rendered":"Inscripciones"},"content":{"rendered":"<p><\/p>\n<style>\n#bannerPage {\nbackground-image: url('https:\/\/cdn.racingpatagonia.com\/utpaine\/images\/2025\/UP25_TorresdelPaine_Web_Background_24_2.jpg') !important;\nbackground-position: 0em 0em;\n}\n.container {\n    max-width: none;\n    margin: 0 auto !important;\n    padding: 0;\n}\n.tableCatz {\nfont-size: 15px !important;\n}\n.primeroRowz {\nfont-size: 18px !important;\n}\n.tableStylingz {\nwidth: fit-content;\noverflow: auto !important;\n}\nli {\nfont-size: 15px;\n}\n.strongRed {\ncolor:#f00;\n}\n.fontzRed {\nfont-size: 13px;\ntext-align: center;\ncolor: #F00;\nfont-family: 'Futura';\nfont-weight: normal;\n-webkit-font-smoothing: antialiased;\n-moz-osx-font-smoothing: grayscale !important;\nmargin: 0px 0px 20px 0px;\n}\n#trademarkHistory {\nfont-family: Futura;\nfont-size: 12px;\nposition: relative;\ntop: -25px;\n}\n.titleFontz {\nmargin: 0 auto;\nfont-size: 3em;\ntext-shadow: 1px 1px 1px var(--color-aquatext);\n}\n.squeezed {\nmargin: 0em 2.5em;\n}\n.titlezExtra {\nfont-size: 14px;\ncolor: #225082;\nfont-family: Futura;\ntext-shadow: 2px 1px 1px #fff;\ntext-rendering: geometricPrecision;\nfont-weight: normal;\n-webkit-font-smoothing: antialiased;\n-moz-osx-font-smoothing: grayscale !important;\nletter-spacing: 1px;\ntext-align: left;\n}\n#fontDropOne {\n-webkit-font-smoothing: antialiased;\n-moz-osx-font-smoothing: grayscale !important;\nfont-weight: normal;\nmargin: 0 auto;\ntext-shadow: 1px 0px 1px var(--color-brownbground), 1px 1px 1px var(--color-brownbground), 1px 1px 1px var(--color-brownbground);\ncolor: var(--color-yellowtext);\nfont-family: 'Futura';\nfont-size: 2em;\nletter-spacing: 5px;\ntext-transform: uppercase;\ntext-align: center;\n}\n#fontDropTwo, #fontDropThree, #fontDropFour {\n-webkit-font-smoothing: antialiased;\n-moz-osx-font-smoothing: grayscale !important;\nfont-weight: normal;\nmargin: 0 auto;\ntext-shadow: 0px 0px 2px var(--color-yellowtext), 0px 0px 2px var(--color-yellowtext);\ncolor: var(--color-brownbground);\nfont-family: 'Futura';\nfont-size: 1.5em;\nletter-spacing: 4px;\ntext-transform: uppercase;\ntext-align: center;\ntext-rendering: geometricPrecision;\n}\n#fontDropThree {\ntext-shadow: 1px 0px 1px var(--color-brownbground), 1px 1px 1px var(--color-brownbground), 1px 1px 1px var(--color-brownbground);\ncolor: var(--color-yellowtext);\n}\n#fontDropFour {\nfont-size: 1em;\nmargin-top: 10px;\nletter-spacing: 2px;\n}\n.centerContent {\nmargin: 0 auto;\nwidth: 100%;\ndisplay: block;\n}\n#scrollTable {\n    width: 100%;\n    height: 100%;\n    overflow-x: auto;\n}\n.scrollTable {\noverflow: scroll;\n}\n.extraPadding {\npadding: 5px 5px !important;\nwhite-space: nowrap;\n}\n.currency {\npadding: 0px !important;\nfont-size: 13px;\nline-height: 125%;\n}\n.miniprecio {\nfont-size: 9px !important;\nletter-spacing: 1px;\ncolor: var(--color-yellowtext)!important;\n}\n.upLogoz {\nbackground-image: url(https:\/\/www.cdn.racingpatagonia.com\/utpaine\/panels\/Logo_UltraPaine_Web.png);\nbackground-repeat:no-repeat;\nbackground-position: center;\nbackground-size: cover !important;\npadding: 70px !important;\nwidth: 10%;\n}\n.seperatorTitles {\npadding: 10px 1px 1px 1px !important;\nfont-size: 2em;\n}\n#limitWidth {\nmargin: 0em 2em;\n}\n.distanceRegistration {\nfont-family: 'DCC_Ash';\nfont-size: 2.5em;\ntext-rendering: geometricPrecision;\nfont-weight: normal;\n-webkit-font-smoothing: antialiased;\n-moz-osx-font-smoothing: grayscale !important;\ntext-shadow: 1px 0px 1px #fff;\ncolor: var(--color-brownbground)!important;\nletter-spacing: 3px;\nline-height: 120%;\nbackground-color: var(--color-yellowtext)!important;\n}\n.saleTitlez {\nwidth: 30%;\nwhite-space: nowrap;\n}\n#notez {\npadding: 10px 3px 6px 3px;\nbackground-color: #46301b !important;\n}\n.noteFontz {\nfont-size: 14px;\ncolor: #fff;\nbackground-color: #46301b !important;\nfont-family: 'futura_medium';\ntext-rendering: geometricPrecision;\nfont-weight: normal;\n-webkit-font-smoothing: antialiased;\n-moz-osx-font-smoothing: grayscale !important;\nletter-spacing: 1px;\ntext-transform: initial;\ntext-shadow: none;\nmargin: 0 auto;\n}\n.paragraphsBullets {\ntext-align: left;\n}\n.colorUF {\ncolor:#90f6fa;\ntext-shadow:1px 1px 1px #000 !important;\n}\n.buttonFontz {\nfont-size: 18px;\ntext-shadow: 1px 1px 1px #000;\nfont-family: 'KeepCalm';\ntext-rendering: geometricPrecision;\nfont-weight: normal;\n-webkit-font-smoothing: antialiased;\n-moz-osx-font-smoothing: grayscale !important;\nline-height: 140%;\nbackground-repeat: no-repeat;\nletter-spacing: 3px;\ntext-transform: uppercase;\ncursor: pointer;\n}\n.buttonTwo {\nheight: auto;\ncolor: #0b2847 !important;\ntext-rendering: geometricPrecision;\ntext-shadow: 3px 2px 7px #fff;\nfont-family: 'PressStyleExtraregular';\npadding: 3px 20px;\n-webkit-font-smoothing: antialiased;\n-moz-osx-font-smoothing: grayscale !important;\nbox-shadow: 0 3px 15px 0 rgb(11 20 161 \/ 23%), 0 2px 4px 0 rgb(11 20 161 \/ 20%);\nborder-radius: 8px;\nwidth: fit-content !important;\nmax-width: 100% !important;\nbackground-color: #90f6fa !important;\npadding: 3px 10px!important;\n}\n.buttonTwo:hover {\nopacity: .7;\nbackground-color: #0b2847 !important;\ncolor: #90f6fa !important;\nbox-shadow: 0 3px 15px 0 rgb(11 20 161 \/ 23%), 0 2px 4px 0 rgb(11 20 161 \/ 20%);\n}\n.buttonFontzTwo {\nfont-size: 10px;\ntext-shadow: none;\nfont-family: 'Futura';\ntext-rendering: geometricPrecision;\nfont-weight: normal;\n-webkit-font-smoothing: antialiased;\n-moz-osx-font-smoothing: grayscale !important;\nbackground-repeat: no-repeat;\nletter-spacing: 1px;\ntext-transform: uppercase;\ncursor: pointer;\n}\n#buttonRulesSplit {\nwidth: 100%;\ndisplay: inline-flex;\ntext-align: center;\nmargin: 0 auto;\nflex-flow: initial;\nplace-items: flex-end;\njustify-content: center;\nflex-direction: row;\n}\ninput[type=\"checkbox\"] {\nwidth: 15px;\nheight: 21px;\nmargin: 1px;\nvertical-align: middle !important;\ndisplay: inline-flex !important;\n}\n.id_complete, .id_completeTwo {\nheight: auto;\nvertical-align: top;\npadding: 10px;\nbackground-color:#efff00 !important;\ncolor: #fff;\ntext-rendering: geometricPrecision;\ntext-shadow: 1px 1px 1px #000;\nfont-family: 'Futura' !important;\n-webkit-font-smoothing: antialiased;\n-moz-osx-font-smoothing: grayscale !important;\nbox-shadow: 0 3px 15px 0 rgba(11, 20, 161, 0.23), 0 2px 4px 0 rgba(11, 20, 161, 0.20);\nborder-radius: 8px;\nletter-spacing: 2px;\nfont-size: 17px;\nmax-width: 100% !important;\n}\n.id_complete:disabled, .id_completeTwo:disabled {\ncolor: rgba(100, 100, 100, 1) !important;\ntext-shadow: none;\nopacity: 0.8;\n}\n.id_complete:hover, .id_completeTwo:hover {\nopacity: 0.75;\ncursor: pointer;\n}\n.id_complete:disabled:hover, .id_completeTwo:disabled:hover {\ncursor: default;\n}\ninput[type=\"checkbox\"] {\nwidth: 20px;\nheight: 21px;\nmargin: 1px;\nvertical-align: middle !important;\ntop: -1px;\nposition: relative;\n}\n#acceptz {\nfont-weight: bold;\nfont-size: 15px;\nmargin: 0px 5px 0px 5px;\nfont-family: 'Futura';\nletter-spacing: 1px;\ncolor: #225082;\n}\n#decorationz {\ntext-decoration: none !important;\ncolor: #225082 !important;\n}\n#centerButton {\ndisplay: inline-flex;\njustify-content: space-evenly;\nmargin: 50px 0px;\nwidth: 100%;\n}\n#titleContainer {\nmargin-top: -100px;\nmargin-bottom: 20px;\n}\n.centerContent {\ntext-align: center;\n}\ntableStylingz {\noverflow: auto;\n}\n.eventHighlightz {\ntext-shadow: 1px 1px 1px #000;\ncolor: #F6C214;\n}\n.listIndent {\ntext-indent: 0;\nmargin-left: 0;\npadding: 0px 40px;\n}\n.registerExtranjeros, .registerLocal {\nbackground-image:url(https:\/\/www.patagonianinternationalmarathon.com\/assets\/pimgrungeyellow.jpg);\nfont-family: 'Futura' !important;\nfont-size: 13px !important;\nmargin: 5px 0px 12px 0px;\npadding: 5px 10px !important;\nposition: relative;\ncolor: var(--color-brownbground) !important;\ncursor: pointer;\ntext-shadow: 0px 0px 1px #fff;\n}\n.registerExtranjeros:hover, .registerLocal:hover {\nopacity: 0.8;\nbox-shadow: 2px 2px 2px #000;\nbackground: var(--color-brownbground) !important;\ncolor: #efff00 !important;\ntext-shadow: none;\n}\n#seperateRightButton, #seperateLeftButton {\ndisplay: flex;\nwidth: 100%;\n}\n.paymentzInline {\ndisplay: inline-block;\nmax-width: 275px;\nwidth: 100%;\nmargin-top: 13px;\nwhite-space: nowrap;\n}\n.formsOfPayment {\nwidth: auto;\nheight: 23px;\npadding: 2px;\n}\n#buttonz {\ndisplay: flex;\nwidth: 100%;\nmax-width: 700px;\nmargin: 0 auto;\npadding: 20px 0px 20px 0px;\n}\n#buttonzRight, #buttonzLeft {\ndisplay: block;\nwidth: 100%;\nmax-width: 300px;\nbackground-image: url(https:\/\/cdn.racingpatagonia.com\/rpatagonia\/static\/button_registration.png);\nbackground-size: cover;\nbackground-position: center;\nbackground-repeat: no-repeat;\npadding: 5px;\ntext-align: center;\nborder-radius: 5px;\nborder: 2px solid #6e6e6e;\nmargin: 0 auto;\nheight: 140px;\nbox-shadow: 1px 1px 1px #6e6e6e;\n}\n.buttonzFont {\nfont-size: 18px;\ncolor: #fff;\ntext-shadow: 1px 1px 1px #000;\nfont-family: 'KeepCalm';\ntext-rendering: geometricPrecision;\nfont-weight: normal;\n-webkit-font-smoothing: antialiased;\n-moz-osx-font-smoothing: grayscale !important;\nline-height: 140%;\nbackground-repeat: no-repeat;\nletter-spacing: 3px;\ntext-transform: uppercase;\npadding-bottom: 7px;\npadding-top: 10px;\nmargin: 0 auto;\n}\n.darkYellowChange {\ntext-shadow: 1px 0px 1px var(--color-brownbground), 1px 1px 1px var(--color-brownbground), 1px 1px 1px var(--color-brownbground);\ncolor: var(--color-yellowtext);\n}\n.darkBrownChange {\ntext-shadow: 0px 0px 2px var(--color-yellowtext), 0px 0px 2px var(--color-yellowtext);\ncolor: var(--color-brownbground);\n}\n.notaTrez {\nfont-size: 28%;\nposition: relative;\ntop: -6px;\ncolor: #fff;\ntext-shadow: 0px 1px 1px #000;\npadding: 0px;\nfont-family: 'Futura';\nletter-spacing: -1px;\n}\n.yellowLine {\nborder: 1px solid var(--color-yellowtext);\nwidth: 66%;\nmargin-right: auto;\nmargin-left: auto;\nmargin-bottom: -15px;\nmargin-top: -15px;\n}\n.linkNotez {\ncolor: var(--color-yellowtext);\ntext-shadow: 1px 1px 1px #000, 1px 1px 1px #000 !important;\n}\n.linkNotez:hover {\ncolor: #fff;\ntext-shadow: 0px 0px 1px #fff !important;\n}\n#openNow {\ncolor: var(--color-yellowtext);\n}\n@media screen and (max-width: 736px) {\n#seperateRightButton, #seperateLeftButton {\nmargin: 20px 0px;\n}\n.scrollTable {\noverflow: scroll;\n}\n#id_complete, #id_completeTwo {\nmargin: 10px 0px;\n}\n#buttonRulesSplit {\nflex-direction: column;\nplace-items: center;\n}\n#centerButton {\nflex-direction: column;\nwidth: 100%;\nmargin: 0 auto;\ntext-align: center;\nalign-items: center;\nmargin: 20px 0px;\n}\n#bannerPage {\nbackground-position: center !important;\n}\n}\n@media screen and (max-width: 480px) { \n@media screen and (max-width: 736px) {\n#seperateRightButton, #seperateLeftButton {\nmargin: 20px 0px;\n}\n.scrollTable {\noverflow: scroll;\n}\n#id_complete, #id_completeTwo {\nmargin: 10px 0px;\n}\n#buttonRulesSplit {\nflex-direction: column;\nplace-items: center;\n}\n#centerButton {\nflex-direction: column;\nwidth: 100%;\nmargin: 0 auto;\ntext-align: center;\nalign-items: center;\nmargin: 20px 0px;\n}\n#bannerPage {\nbackground-position: center !important;\n}\n}\n<\/style>\n<p><script data-require=\"jquery@*\" data-semver=\"3.0.0\" src=\"https:\/\/cdnjs.cloudflare.com\/ajax\/libs\/jquery\/3.0.0\/jquery.js\"><\/script><br \/>\n<script type=\"text\/javascript\">\njQuery(document).ready(function($) {\n$('.check-required').change(function() {\n\t\t$('.id_complete').prop('disabled', $('.check-required').length !== $('.check-required:checked').length);\n\t}).change();\n});\n<\/script><br \/>\n<script>\njQuery(document).ready(function($) {\n  $('#id_complete').click(function() {\n    window.open(\"https:\/\/welcu.com\/racingpatagonia\/ultrapaine_2026_clp\");\n   });\n});\njQuery(document).ready(function($) {\n  $('#id_completeTwo').click(function() {\n    window.open(\"https:\/\/www.wetravel.com\/checkout_embed?uuid=70846337\");\n   });\n});\n<\/script><br \/>\n<script type=\"text\/javascript\">\njQuery(document).ready(function($) {\n       document.getElementById('weTravelLinkEsp').addEventListener('click', function() {\n         Brevo.push([\"track\", \"WeTravel Esp UP Inscripciones\", { buttonName: \"weTravelLinkEsp\" }]);\n         \/\/ Add any other actions you want to perform when the button is clicked\n       });\n});\n<\/script><br \/>\n<script type=\"text\/javascript\">\njQuery(document).ready(function($) {\n       document.getElementById('welcuLinkEsp').addEventListener('click', function() {\n         Brevo.push([\"track\", \"Welcu Esp UP Inscripciones\", { buttonName: \"welcuLinkEsp\" }]);\n         \/\/ Add any other actions you want to perform when the button is clicked\n       });\n});\n<\/script><\/p>\n<div id=\"titleContainer\">\n<h3 id=\"fontDropOne\">Duod\u00e9cima Edici\u00f3n <span class=\"darkBrownChange\">2026<\/span><\/h3>\n<h4 id=\"fontDropTwo\">S\u00e1bado, 26 de Septiembre: <span class=\"darkYellowChange\"> 5K <sup style=\"position:relative;top:10px;\">&#8210;<\/sup> 14K <sup style=\"position:relative;top:10px;\">&#8210;<\/sup> 21K <sup style=\"position:relative;top:10px;\">&#8210;<\/sup> 35K <sup style=\"position:relative;top:10px;\">&#8210;<\/sup> 50K<\/span><\/h4>\n<h6 id=\"fontDropFour\">Torres del Paine, <span class=\"darkYellowChange\">Patagonia, Chile<\/span><\/h6>\n<\/div>\n<p class=\"fontz\" style=\"color:red;text-align:center;font-family:'Futura';\">\u00a1INSCRIPCIONES ABIERTAS!<\/p>\n<div id=\"limitWidth\">\n<div id=\"scrollTable\">\n<table class=\"aligncenter tableStylingz\">\n<tr class=\"titleSeperators\">\n<td class=\"seperatorTitles\" colspan=\"7\" style=\"border:1px solid #000;\">VALORES Y ETAPAS DE INSCRIPCI\u00d3N<\/td>\n<\/tr>\n<tbody>\n<tr class=\"altBrownRowz\">\n<td rowspan=\"3\" class=\"upLogoz\"><\/td>\n<td colspan=\"2\" class=\"extraPadding saleTitlez\">S\u00faper Preventa<\/td>\n<td colspan=\"2\" class=\"extraPadding saleTitlez\">Preventa<\/td>\n<td colspan=\"2\" class=\"extraPadding saleTitlez\">Normal<\/td>\n<\/tr>\n<tr class=\"lightBrownRowz\">\n<td colspan=\"2\" class=\"extraPadding\">11 Nov &#8211; 23 Nov<br \/><span style=\"font-size:9px;position:relative;top:-5px;\">o hasta agotar los cupos disponibles para el periodo<\/span><\/td>\n<td colspan=\"2\" class=\"extraPadding\">24 Nov &#8211; 14 Ene<br \/><span style=\"font-size:9px;position:relative;top:-5px;\">o hasta agotar los cupos disponibles para el periodo<\/span><\/td>\n<td colspan=\"2\" class=\"extraPadding\">15 Ene &#8211; 5 Ago<br \/><span style=\"font-size:9px;position:relative;top:-5px;\">o hasta agotar los cupos disponibles para el periodo<\/span><\/td>\n<\/tr>\n<tr class=\"darkBrownRowz\">\n<td class=\"currency\">USD<br \/><span class=\"miniprecio\">(EXTRANJEROS)<\/span><\/td>\n<td class=\"currency\">CLP<br \/><span class=\"miniprecio\">(CHILENOS)<\/span><\/td>\n<td class=\"currency\">USD<br \/><span class=\"miniprecio\">(EXTRANJEROS)<\/span><\/td>\n<td class=\"currency\">CLP<br \/><span class=\"miniprecio\">(CHILENOS)<\/span><\/td>\n<td class=\"currency\">USD<br \/><span class=\"miniprecio\">(EXTRANJEROS)<\/span><\/td>\n<td class=\"currency\">CLP<br \/><span class=\"miniprecio\">(CHILENOS)<\/span><\/td>\n<\/tr>\n<tr>\n<td class=\"primeroColumnz distanceRegistration\">5K<\/td>\n<td class=\"tableCatzDos\">$84,00<\/td>\n<td class=\"tableCatzDos\">$50.400<\/td>\n<td class=\"tableCatzDos\">$95,00<\/td>\n<td class=\"tableCatzDos\">$56.700<\/td>\n<td class=\"tableCatzDos\">$105,00<\/td>\n<td class=\"tableCatzDos\">$63.000<\/td>\n<\/tr>\n<tr>\n<td class=\"primeroColumnz distanceRegistration\">14K<\/td>\n<td class=\"tableCatzDos\">$163,00<\/td>\n<td class=\"tableCatzDos\">$97.600<\/td>\n<td class=\"tableCatzDos\">$183,00<\/td>\n<td class=\"tableCatzDos\">$109.800<\/td>\n<td class=\"tableCatzDos\">$203,00<\/td>\n<td class=\"tableCatzDos\">$122.000<\/td>\n<\/tr>\n<tr>\n<td class=\"primeroColumnz distanceRegistration\">21K<\/td>\n<td class=\"tableCatzDos\">$219.00<\/td>\n<td class=\"tableCatzDos\">$131.200<\/td>\n<td class=\"tableCatzDos\">$246,00<\/td>\n<td class=\"tableCatzDos\">$147.600<\/td>\n<td class=\"tableCatzDos\">$273,00<\/td>\n<td class=\"tableCatzDos\">$164.000<\/td>\n<\/tr>\n<tr>\n<td class=\"primeroColumnz distanceRegistration\">35K<\/td>\n<td class=\"tableCatzDos\">$223,00<\/td>\n<td class=\"tableCatzDos\">$133.600<\/td>\n<td class=\"tableCatzDos\">$251,00<\/td>\n<td class=\"tableCatzDos\">$150.300<\/td>\n<td class=\"tableCatzDos\">$278,00<\/td>\n<td class=\"tableCatzDos\">$167.000<\/td>\n<\/tr>\n<tr>\n<td class=\"primeroColumnz distanceRegistration\">50K<\/td>\n<td class=\"tableCatzDos\">$264,00<\/td>\n<td class=\"tableCatzDos\">$158.400<\/td>\n<td class=\"tableCatzDos\">$297,00<\/td>\n<td class=\"tableCatzDos\">$178.200<\/td>\n<td class=\"tableCatzDos\">$330,00<\/td>\n<td class=\"tableCatzDos\">$198.000<\/td>\n<\/tr>\n<tr>\n<td id=\"notez\" colspan=\"7\">\n<p class=\"noteFontz\" style=\"margin-bottom:3rem;\"><u style=\"font-weight:bold;color:var(--color-yellowtext);\">NOTA<\/u>: Los precios detallados m\u00e1s arriba no incluyen el pago de comisi\u00f3n a sistema Welcu, WeTravel u otros el cual ser\u00e1 agregado al finalizar la compra.<\/p>\n<div>\n<hr class=\"yellowLine\" \/><\/div>\n<p class=\"noteFontz\" style=\"margin-top:3rem;\"><u style=\"font-weight:bold;color:var(--color-yellowtext);\">NOTA 2<\/u>: Si vives en la regi\u00f3n de Magallanes, tienes un 30% de descuento sobre las tarifas vigentes. Para pedir tu c\u00f3digo de descuento, por favor completa tus datos en el formulario correspondiente del <a href=\"https:\/\/www.ultrapaine.com\/es\/request-center\" target=\"_blank\" title=\"Centro de Solicitudes Ultra Paine\" rel=\"noopener\" class=\"goldenLinkz\" style=\"color:var(--color-yellowtext);\">centro de solicitudes<\/a>.<\/p>\n<\/td>\n<\/tr>\n<\/tbody>\n<tr class=\"titleSeperators\">\n<td class=\"seperatorTitles\" colspan=\"7\" style=\"border:1px solid #000;\">LA INSCRIPCI\u00d3N INCLUYE<\/td>\n<\/tr>\n<tbody class=\"tableCatzDos\" colspan=\"7\">\n<tr>\n<td colspan=\"7\">\n<ul class=\"paragraphsBullets\">\n<li style=\"white-space:pre-wrap;\">Gesti\u00f3n anual del evento (tareas administrativas, manejo de Web y redes sociales, tr\u00e1mite de permisos, comunicaci\u00f3n con corredores, autoridades, proveedores y prensa, gesti\u00f3n de inscripciones, etc.).<\/li>\n<li>Dise\u00f1o, exploraci\u00f3n, apertura, limpieza y marcaje de ruta.<\/li>\n<li>Puestos de hidrataci\u00f3n y alimentaci\u00f3n a lo largo de la ruta de carrera y meta.<\/li>\n<li>Puestos de control en \u00e1reas estrat\u00e9gicas.<\/li>\n<li>Soporte de staff y equipo t\u00e9cnico durante la carrera.<\/li>\n<li>Equipos de primeros auxilios, b\u00fasqueda, rescate y evacuaci\u00f3n.<\/li>\n<li>Polera oficial <strong>Ultra Paine<sup class=\"upTrademark\">\u00ae<\/sup><\/strong>.<\/li>\n<li>Cuello tubular (bandana) oficial <strong>Ultra Paine<sup class=\"upTrademark\">\u00ae<\/sup><\/strong>.<\/li>\n<li>N\u00famero oficial de corredor.<\/li>\n<li>Chip de cronometraje reciclable.<\/li>\n<li>Medalla por llegar a la meta.<\/li>\n<li>Medallas para los primeros tres lugares por categor\u00eda.<\/li>\n<li>Fruta, hidrataci\u00f3n y colaci\u00f3n en la meta.<\/li>\n<li>Servicio de Guardarrop\u00eda desde la partida hasta la meta.<\/li>\n<li>Gu\u00eda del Corredor (Copia digital).<\/li>\n<\/ul>\n<\/td>\n<\/tr>\n<\/tbody>\n<\/table>\n<\/div>\n<p class=\"fontz\"><span style=\"font-weight:bold\";><u>IMPORTANTE<\/u><\/span>: Para evitar problemas de tr\u00e1nsito el d\u00eda de carrera, el evento contar\u00e1 con un servicio oficial de buses y minibuses que realizar\u00e1 traslados exclusivamente desde y hacia Puerto Natales. El ticket para este servicio debe adquirirse con anticipaci\u00f3n a la entrega de kits y puede agregarse al momento de la inscripci\u00f3n o posteriormente, hasta el cierre de inscripciones.<\/p>\n<p class=\"fontz\">Tambi\u00e9n es posible llegar a la Partida mediante un servicio de transporte ofrecido por tu alojamiento o en veh\u00edculo particular; sin embargo, en este \u00faltimo caso, quien conduzca no puede ser corredor(a) y, luego de dejar al participante en la Partida, deber\u00e1 seguir las indicaciones del staff y dirigirse directamente a la Meta. Est\u00e1 prohibido dejar veh\u00edculos estacionados en la ruta o en los puntos de partida.<\/p>\n<p class=\"fontz\" style=\"margin-bottom:40px;\">Los participantes que se alojen dentro del Parque Nacional Torres del Paine, en sus alrededores o en cualquier lugar distinto de Puerto Natales deber\u00e1n consultar directamente con sus alojamientos por opciones especiales de transporte hacia la Partida y\/o de retorno desde la Meta, ya que el servicio oficial de buses del evento opera \u00fanicamente desde y hacia Puerto Natales.<\/p>\n<\/div>\n<div>\n<div class=\"titleSeperators\">\n<h4 class=\"seperatorTitles\">OBT\u00c9N TUS TICKETS<\/h4>\n<\/div>\n<div class=\"squeezed\">\n<p class=\"fontz\" style=\"margin-top: 20px;\">Para obtener tu TICKET debes entrar al sistema de registro y pago escogiendo aqu\u00ed abajo la opci\u00f3n que corresponda (Chilenos o Extranjeros). Al realizar el pago (incluyendo la comisi\u00f3n de Welcu) confirmas que has le\u00eddo y entendido <a href=\"https:\/\/www.ultrapaine.com\/es\/rules\" target=\"_blank\" title=\"El Reglamento de Ultra Paine 2026\" rel=\"noopener\" class=\"goldenLinkz\">el reglamento oficial<\/a> disponible en el sitio web. No olvides que al menos un mes antes del evento debes enviar los siguientes documentos por correo electr\u00f3nico:<\/p>\n<ol class=\"fontz listIndent\">\n<li class=\"reduceFontz\">Certificado m\u00e9dico que indique claramente que su salud es compatible con la actividad especificando la distancia que correr\u00e1.<\/li>\n<li class=\"reduceFontz\">Documento de exenci\u00f3n de responsabilidad firmado.<\/li>\n<\/ol>\n<p class=\"fontz\">Para tu inscripci\u00f3n a Ultra Paine<sup>\u00ae<\/sup> no aplica el \u00abderecho a retracto\u00bb establecido en el art\u00edculo 3 bis de la Ley Sobre Protecci\u00f3n de los Derechos de los Consumidores. Las Pol\u00edticas de Cancelaci\u00f3n y Devoluci\u00f3n vigentes para este servicio se describen en el <a href=\"https:\/\/www.ultrapaine.com\/es\/rules\/#Art\u00edculo_15\" target=\"_blank\" title=\"Ultra Paine Reglamento Oficial Art\u00edculo 15\" rel=\"noopener\" class=\"goldenLinkz\">Art\u00edculo 15<\/a> del Reglamento General.<\/p>\n<div id=\"centerButton\">\n<div id=\"seperateLeftButton\">\n<div id=\"buttonzLeft\">\n<h6 class=\"buttonzFont\">CHILENOS ($ CLP)<\/h6>\n<div><button id=\"welcuLinkEsp\" class=\"registerLocal id_complete\" onclick=\"window.open('https:\/\/welcu.com\/racingpatagonia\/ultrapaine_2026_clp', '_blank');\">INSCR\u00cdBETE CLP<\/button><\/div>\n<div class=\"paymentzInline\"><img decoding=\"async\" src=\"https:\/\/cdn.racingpatagonia.com\/rpatagonia\/static\/payments\/pagos_opcion_transferencia.png\" alt=\"Transferencia\" class=\"formsOfPayment\" \/><img decoding=\"async\" src=\"https:\/\/cdn.racingpatagonia.com\/rpatagonia\/static\/payments\/pagos_opcion_webpay.png\" alt=\"Webpay\" class=\"formsOfPayment\" \/><img decoding=\"async\" src=\"https:\/\/cdn.racingpatagonia.com\/rpatagonia\/static\/payments\/pagos_opcion_redcompra.png\" alt=\"Redcompra\" class=\"formsOfPayment\" \/><img decoding=\"async\" src=\"https:\/\/cdn.racingpatagonia.com\/rpatagonia\/static\/payments\/pagos_opcion_mastercard.png\" alt=\"Mastercard\" class=\"formsOfPayment\" \/><img decoding=\"async\" src=\"https:\/\/cdn.racingpatagonia.com\/rpatagonia\/static\/payments\/pagos_opcion_visa.png\" alt=\"Visa\" class=\"formsOfPayment\" \/><img decoding=\"async\" src=\"https:\/\/cdn.racingpatagonia.com\/rpatagonia\/static\/payments\/pagos_opcion_americanexpress.png\" alt=\"American Express\" class=\"formsOfPayment\" \/><\/div>\n<\/div>\n<\/div>\n<div id=\"seperateRightButton\">\n<div id=\"buttonzRight\">\n<h6 class=\"buttonzFont\">EXTRANJEROS ($ USD)<\/h6>\n<div><button id=\"weTravelLinkEsp\" class=\"registerExtranjeros id_completeTwo\" onclick=\"window.open('https:\/\/www.wetravel.com\/checkout_embed?uuid=46745428&#038;source=direct_link', '_blank');\">INSCR\u00cdBETE USD<\/button><\/div>\n<div class=\"paymentzInline\"><img decoding=\"async\" src=\"https:\/\/cdn.racingpatagonia.com\/rpatagonia\/static\/payments\/pagos_opcion_transferencia.png\" alt=\"Transferencia\" class=\"formsOfPayment\" \/><img decoding=\"async\" src=\"https:\/\/cdn.racingpatagonia.com\/rpatagonia\/static\/payments\/pagos_opcion_webpay.png\" alt=\"Webpay\" class=\"formsOfPayment\" \/><img decoding=\"async\" src=\"https:\/\/cdn.racingpatagonia.com\/rpatagonia\/static\/payments\/pagos_opcion_redcompra.png\" alt=\"Redcompra\" class=\"formsOfPayment\" \/><img decoding=\"async\" src=\"https:\/\/cdn.racingpatagonia.com\/rpatagonia\/static\/payments\/pagos_opcion_mastercard.png\" alt=\"Mastercard\" class=\"formsOfPayment\" \/><img decoding=\"async\" src=\"https:\/\/cdn.racingpatagonia.com\/rpatagonia\/static\/payments\/pagos_opcion_visa.png\" alt=\"Visa\" class=\"formsOfPayment\" \/><img decoding=\"async\" src=\"https:\/\/cdn.racingpatagonia.com\/rpatagonia\/static\/payments\/pagos_opcion_americanexpress.png\" alt=\"American Express\" class=\"formsOfPayment\" \/><\/div>\n<\/div>\n<\/div>\n<\/div>\n<\/div>\n<\/div>\n<p><\/p>","protected":false},"excerpt":{"rendered":"<p>Duod\u00e9cima Edici\u00f3n 2026 S\u00e1bado, 26 de Septiembre: 5K &#8210; 14K &#8210; 21K &#8210; 35K &#8210; 50K Torres del Paine, Patagonia, Chile \u00a1INSCRIPCIONES ABIERTAS! VALORES Y ETAPAS DE INSCRIPCI\u00d3N S\u00faper Preventa Preventa Normal 11 Nov &#8211; 23 Novo hasta agotar los cupos disponibles para el periodo 24 Nov &#8211; 14 Eneo hasta agotar los cupos disponibles [&hellip;]<\/p>\n","protected":false},"author":1,"featured_media":0,"parent":0,"menu_order":0,"comment_status":"closed","ping_status":"closed","template":"","meta":[],"_links":{"self":[{"href":"https:\/\/www.ultrapaine.com\/es\/wp-json\/wp\/v2\/pages\/181"}],"collection":[{"href":"https:\/\/www.ultrapaine.com\/es\/wp-json\/wp\/v2\/pages"}],"about":[{"href":"https:\/\/www.ultrapaine.com\/es\/wp-json\/wp\/v2\/types\/page"}],"author":[{"embeddable":true,"href":"https:\/\/www.ultrapaine.com\/es\/wp-json\/wp\/v2\/users\/1"}],"replies":[{"embeddable":true,"href":"https:\/\/www.ultrapaine.com\/es\/wp-json\/wp\/v2\/comments?post=181"}],"version-history":[{"count":143,"href":"https:\/\/www.ultrapaine.com\/es\/wp-json\/wp\/v2\/pages\/181\/revisions"}],"predecessor-version":[{"id":894,"href":"https:\/\/www.ultrapaine.com\/es\/wp-json\/wp\/v2\/pages\/181\/revisions\/894"}],"wp:attachment":[{"href":"https:\/\/www.ultrapaine.com\/es\/wp-json\/wp\/v2\/media?parent=181"}],"curies":[{"name":"wp","href":"https:\/\/api.w.org\/{rel}","templated":true}]}}