{"id":353,"date":"2024-06-26T16:24:12","date_gmt":"2024-06-26T16:24:12","guid":{"rendered":"https:\/\/www.brown.endurancepatagonia.com\/?page_id=353"},"modified":"2026-02-19T16:03:04","modified_gmt":"2026-02-19T16:03:04","slug":"upload","status":"publish","type":"page","link":"https:\/\/www.ultrapaine.com\/es\/upload","title":{"rendered":"Subir Archivos"},"content":{"rendered":"<p><\/p>\n<style>\n#bannerPage {\nbackground-image: url('https:\/\/cdn.racingpatagonia.com\/utpaine\/images\/2025\/UP25_TorresdelPaine_Web_Background_9_5.jpg') !important;\nbackground-position: top center;\n}\n.entry table td {\nvertical-align: middle !important; \nborder: 1px solid #fff !important;\n}\ntable {\nborder-collapse: initial;\n}\n.upTrademark {\nposition: relative;\ntop: 4px;\n}\n.fontz {\nmargin: 0px 20px 10px 20px;\n}\n.scrollTable {\nwidth:100%;\nheight:100%;\n}\n#buttonz {\ndisplay: flex;\nwidth: 300px;\nmargin: 0 auto;\npadding: 5px;\nmargin-bottom: 50px;\n}\n#buttonzRight {\ndisplay: block;\nwidth: 100%;\nbackground-color: #33AE3F;\nbackground-size: cover;\nbackground-position: center;\nbackground-repeat: no-repeat;\ntext-align: center;\nborder-radius: 5px;\nborder: 1px solid #6e6e6e;\nmargin: 0 auto;\nheight: auto;\nbox-shadow: 1px 1px 1px #6e6e6e;\n}\n.buttonzFont {\nfont-size: 15px;\ncolor: #fff;\ntext-shadow: 1px 1px 1px #000;\nfont-family: 'Futura';\ntext-rendering: geometricPrecision;\nfont-weight: normal;\n-webkit-font-smoothing: antialiased;\n-moz-osx-font-smoothing: grayscale !important;\nline-height: 100%;\nbackground-repeat: no-repeat;\nletter-spacing: 3px;\ntext-transform: uppercase;\npadding: 0px;\nmargin: 0 auto !important;\n}\n#buttonzRight:hover {\nbackground-color: var(--color-orangetext);\n}\n.buttonzFont {\nfont-size: 15px;\ncolor: #fff;\ntext-shadow: 1px 1px 1px #000;\nfont-family: 'Futura';\ntext-rendering: geometricPrecision;\nfont-weight: normal;\n-webkit-font-smoothing: antialiased;\n-moz-osx-font-smoothing: grayscale !important;\nline-height: 100%;\nbackground-repeat: no-repeat;\nletter-spacing: 3px;\ntext-transform: uppercase;\n}\n#miniFormFontz {\nline-height: 30px;\nmargin-top: 10px;\n}\n@media screen and (max-width: 736px) {\n.scrollTable {\noverflow: scroll;\n}\n#bannerPage {\nbackground-position: center;\n}\n}\n@media screen and (max-width: 480px) { \n.scrollTable {\noverflow: scroll;\n}\n.fontz {\ntext-align: left;\n}\n}\n@media screen and (max-width: 480px) and (orientation: portrait) {\n.scrollTable {\noverflow: scroll;\n}\n#bannerPage {\nbackground-position: center;\n}\n<\/style>\n<div style=\"margin-top:30px;\">\n<p class=\"fontz\" style=\"text-align:center;\">Una vez que completes tu inscripci\u00f3n, recibir\u00e1s los detalles por correo. Sin embargo, desde ya debes saber que todos los participantes de <strong>Ultra Paine\u00ae<\/strong> deben completar la siguiente documentaci\u00f3n antes del <strong>19 de septiembre de 2026<\/strong>:<\/p>\n<p><\/p>\n<ol id=\"formFontz\">\n<li class=\"fontz\"><strong>Ficha m\u00e9dica<\/strong> proporcionada por la organizaci\u00f3n. Puedes completarla <a class=\"formLinkz\" href=\"https:\/\/docs.google.com\/forms\/d\/e\/1FAIpQLSd94fvZNIgAYgSl1GrLC5p6FiFUiBUH064hdFr8zTNVobvXHw\/viewform?usp=send_form\" target=\"_blank\" title=\"Ultra Paine 2025 Ficha M\u00e9dica\" rel=\"noopener\">aqu\u00ed<\/a>.<\/li>\n<li class=\"fontz\"><strong>Certificado m\u00e9dico<\/strong> que indique que est\u00e1s en condiciones de salud para la distancia en la que participar\u00e1s. Puedes descargar un modelo <a class=\"formLinkz\" href=\"https:\/\/drive.google.com\/drive\/folders\/164ovIsJDFpCn3eil_i2HIzzfc65lZ8Xr\" target=\"_blank\" title=\"Ultra Paine 2025 Documentos\" rel=\"noopener\">aqu\u00ed<\/a>.\n<ul id=\"miniFormFontz\">\n<li class=\"fontz\">Si tienes cuenta Gmail, puedes subir el archivo usando el bot\u00f3n \u201cSubir Archivo\u201d.<\/li>\n<li class=\"fontz\">Si no tienes Gmail, debes enviarlo por correo a: <a href=\"mailto:info@ultrapaine.com\">info@ultrapaine.com<\/a><\/li>\n<\/ul>\n<\/li>\n<li class=\"fontz\"><strong>Exoneraci\u00f3n de responsabilidad y liberaci\u00f3n de modelo<\/strong>. Te la enviaremos a tu correo v\u00eda Adobe Acrobat Sign para que la firmes digitalmente.<\/li>\n<\/ol>\n<p><\/p>\n<p class=\"fontz\" style=\"text-align: center;\">\u00a1<strong>La fecha l\u00edmite para enviar estos documentos es el 19 de septiembre de 2026<\/strong>!<\/p>\n<p><\/p>\n<div id=\"buttonz\">\n<button id=\"buttonzRight\" onclick=\"window.open('https:\/\/forms.gle\/SFZeDDEd5SFNBpRb6', '_blank');\"><span class=\"buttonzFont\">SUBIR ARCHIVOS<\/span><\/button>\n<\/div>\n<\/div>\n<p><\/p>","protected":false},"excerpt":{"rendered":"<p>Una vez que completes tu inscripci\u00f3n, recibir\u00e1s los detalles por correo. Sin embargo, desde ya debes saber que todos los participantes de Ultra Paine\u00ae deben completar la siguiente documentaci\u00f3n antes del 19 de septiembre de 2026: Ficha m\u00e9dica proporcionada por la organizaci\u00f3n. Puedes completarla aqu\u00ed. Certificado m\u00e9dico que indique que est\u00e1s en condiciones de salud [&hellip;]<\/p>\n","protected":false},"author":1,"featured_media":0,"parent":0,"menu_order":0,"comment_status":"closed","ping_status":"closed","template":"","meta":[],"_links":{"self":[{"href":"https:\/\/www.ultrapaine.com\/es\/wp-json\/wp\/v2\/pages\/353"}],"collection":[{"href":"https:\/\/www.ultrapaine.com\/es\/wp-json\/wp\/v2\/pages"}],"about":[{"href":"https:\/\/www.ultrapaine.com\/es\/wp-json\/wp\/v2\/types\/page"}],"author":[{"embeddable":true,"href":"https:\/\/www.ultrapaine.com\/es\/wp-json\/wp\/v2\/users\/1"}],"replies":[{"embeddable":true,"href":"https:\/\/www.ultrapaine.com\/es\/wp-json\/wp\/v2\/comments?post=353"}],"version-history":[{"count":17,"href":"https:\/\/www.ultrapaine.com\/es\/wp-json\/wp\/v2\/pages\/353\/revisions"}],"predecessor-version":[{"id":898,"href":"https:\/\/www.ultrapaine.com\/es\/wp-json\/wp\/v2\/pages\/353\/revisions\/898"}],"wp:attachment":[{"href":"https:\/\/www.ultrapaine.com\/es\/wp-json\/wp\/v2\/media?parent=353"}],"curies":[{"name":"wp","href":"https:\/\/api.w.org\/{rel}","templated":true}]}}