{"id":489,"date":"2024-09-30T15:03:08","date_gmt":"2024-09-30T15:03:08","guid":{"rendered":"https:\/\/www.ultrapaine.com\/?page_id=489"},"modified":"2024-09-30T15:03:08","modified_gmt":"2024-09-30T15:03:08","slug":"results-2024","status":"publish","type":"page","link":"https:\/\/www.ultrapaine.com\/es\/results-2024","title":{"rendered":"Resultados 2024"},"content":{"rendered":"<p><\/p>\n<style>\n#bannerPage {\nbackground-image: url('https:\/\/cdn.racingpatagonia.com\/ufiord\/images\/slideshow27_utf2302anfu_DSF6829.jpg') !important;\nbackground-position: 0em 0em;\n}\nlabel {\ndisplay: inline-flex;\n}\n.lastRow {\nbackground-color: #3b2314;\ncolor: #fff;\n}\ntd {\ncolor: #202020;\nwhite-space: pre-line;\nfont-size: 14px;\nvertical-align: middle;\n}\nth {\nfont-size: 14px;\nmargin: 0px 10px;\npadding: 5px 15px 5px 5px !important;\ntext-align: center;\nvertical-align: middle;\n}\nselect{\nwidth: fit-content;\nbackground: url(..\/wp-content\/datatables\/select.svg) no-repeat right;\n-webkit-appearance: none;\nmax-width: fit-content !important;\n}\n.newjsspoiler {\ntext-rendering: geometricPrecision;\n-webkit-font-smoothing: antialiased;\n-moz-osx-font-smoothing: grayscale !important;\nletter-spacing: 1px;\nwidth: 90%;\nmargin: 20px;\nposition:relative;\nbackground-position: center;\nbackground-size: cover;\ncursor: pointer;\nborder-radius: 10px;\nborder: 1px solid #fff;\nbox-shadow: 0 3px 15px 0 rgb(11 20 161 \/ 25%), 0 2px 4px 0 rgb(11 20 161 \/ 10%);\n}\n#boxOne {\nbackground-color: #382416;\n}\n#boxTwo {\nbackground-color: #382416;\n}\n#boxThree {\nbackground-color: #382416;\n}\n#boxFour {\nbackground-color: #F6C214;\n}\n#boxFive {\nbackground-color: #F6C214;\n}\n#boxSix {\nbackground-color: #F6C214;\n}\n#boxSeven {\nbackground-color: #747474;\n}\n#boxEight {\nbackground-color: #747474;\n}\n.newjsspoiler:hover {\nbackground-color: #cba3178f !important;\nletter-spacing: 1px;\ncursor:pointer;\n}\n.innerdivstylz {\ndisplay:none;\n}\n.innerdivstylz.active {\ndisplay: inline-flex;\nwidth: 100%\n}\n.dataTables_wrapper {\nposition: relative;\nclear: both;\nwidth: 97%;\nmargin: 0 auto;\n}\n.flexContainer {\ndisplay: flex;\nwidth: 100%;\nalign-content: space-evenly;\n}\n.registered {\nfont-size: 9px;\nposition: relative;\ntop: -19px;\ncolor: #414e22;\ntext-shadow: 0px 0px 1px #ffd806;\n}\n.capsuleTitlez {\nline-height: 50%;\ntext-align: center;\ncolor: #fff;\ntext-shadow: 0px 1px 1px #000;\nfont-family: 'Futura';\n-webkit-font-smoothing: antialiased;\n-moz-osx-font-smoothing: grayscale !important;\nfont-weight: normal;\nletter-spacing: 1px;\npadding: 10px 0px 1px 0px !important;\nmargin: 10px !important;\nfont-size: 33px;\n}\n#titleChange {\ncolor: #382416;\ntext-shadow: 0px 1px 1px #fff;\n}\n#titleChangeTwo {\ncolor: #addeff;\n}\n#innerdivstylz60K {\nposition: relative;\ndisplay: none;\n}\n#innerdivstylz21K {\nposition: relative;\ndisplay: none;\n}\n#innerdivstylz10K {\nposition: relative;\ndisplay: none;\n}\n.containerResults {\ndisplay: none;\noverflow: scroll;\n}\n#the80K_filterWrapper, #the50K_filterWrapper, #the35K_filterWrapper, #the21K_filterWrapper, #the14K_filterWrapper, #the7K_filterWrapper {\nwidth: 100%;\ndisplay: inline-block;\ntext-align: center;\nposition: relative;\ntop: 41px;\nfont-family: 'futura_medium';\ncolor: #382416;\n}\n#the80K_filterSelect7, #the50K_filterSelect7, #the35K_filterSelect7, #the21K_filterSelect7, #the14K_filterSelect7, #the7K_filterSelect7  {\nbackground-position: right -1rem center;\nheight: min-content;\nmargin: 0px 5px;\npadding: 3px 40px 3px 5px !important;\nwidth: max-content;\nmax-width: inherit !important;\nborder: 1px solid #aaa;\nfont-family: 'futura_medium';\ncolor: #382416;\nfont-size: 15px;\nbackground-color: var(--color-yellowtext);\n}\n#the80K_filterSelect5, #the50K_filterSelect5, #the35K_filterSelect5, #the21K_filterSelect5, #the14K_filterSelect5, #the7K_filterSelect5  {\nbackground-position: right -1rem center;\nheight: min-content;\nmargin: 0px 5px;\npadding: 3px 40px 3px 5px !important;\nwidth: max-content;\nmax-width: inherit !important;\nborder: 1px solid #aaa;\nfont-family: 'futura_medium';\ncolor: #382416;\nfont-size: 15px;\nbackground-color: var(--color-yellowtext);\n}\n#the80K_filterSelect9, #the50K_filterSelect9, #the35K_filterSelect9, #the21K_filterSelect9, #the14K_filterSelect9, #the7K_filterSelect9  {\nbackground-position: right -1rem center;\nheight: min-content;\nmargin: 0px 5px;\npadding: 3px 40px 3px 5px !important;\nwidth: max-content;\nmax-width: inherit !important;\nborder: 1px solid #aaa;\nfont-family: 'futura_medium';\ncolor: #382416;\nfont-size: 15px;\nbackground-color: var(--color-yellowtext);\n}\n.editionTitlez {\ntext-align: center;\ncolor: var(--color-brownbground);\ntext-transform: uppercase;\ntext-shadow: 0px 0px 1px var(--color-yellowtext), 1px 0px 0px var(--color-yellowtext), 0px 1px 0px var(--color-yellowtext), 0px 0px 1px var(--color-yellowtext);\nfont-family: 'Futura';\nletter-spacing: 2px;\n-webkit-font-smoothing: antialiased;\n-moz-osx-font-smoothing: grayscale !important;\nfont-weight: normal;\nline-height: 120%;\nfont-size: 35px;\n}\n#reduceFontTitlez {\nfont-size: 27px;\n}\n.greenSpanChange {\n    color:var(--color-brownbground);\n    text-shadow:1px 0px 0px var(--color-yellowtext), 1px 1px 0px var(--color-yellowtext), 1px 1px 0px var(--color-yellowtext);\n}\n.yellowSpanChange {\n    color: var(--color-yellowtext);\n    text-shadow: 1px 1px 1px var(--color-brownbground), 1px 0px 1px var(--color-brownbground), 1px 1px 0px var(--color-brownbground), 0px 1px 1px var(--color-brownbground), 0px 0px 1px var(--color-brownbground);\n}\n.containerResults {\ndisplay: none;\noverflow: scroll;\n}\n#fontDropOne {\ncolor: var(--color-yellowtext);\nletter-spacing: 3px;\ntext-transform: uppercase;\ntext-shadow: 1px 1px 1px var(--color-brownbground), 1px 0px 1px var(--color-brownbground), 1px 1px 0px var(--color-brownbground), 0px 1px 1px var(--color-brownbground), 0px 0px 1px var(--color-brownbground);\n}\nsup {\ntop: -0.3em;\n}\n.showHide {\nfont-family: 'Futura';\nfont-size: 8px;\npadding: 0px !important;\ntop: 10px;\nposition: relative;\ntext-transform: uppercase;\nline-height: 10px;\n}\n#showHideTextChange {\ntext-shadow: 0px 0px 1px #fff;\n}\n#resultContainerHead {\nmargin-top: -250px;\n}\n.dataTables_wrapper .dataTables_length select {\nbackground-position: 30px;\n}\ntd {\nborder: 1px solid #979797;\nwhite-space: nowrap;\n}\n.jumpToTable {\ntext-decoration: none !important;\n}\n.backgroundColor {\n    background : #d7ebfd;\n}\n.backgroundColorDos {\n    background : #d9dfe4;\n}\ntr:hover td {\n    background : #a83d0040 !important;\n}\n#asteriskUno {\nbackground-color:#d7ebfd;\n}\n#asteriskDos {\nbackground-color: #d9dfe4;\n}\n.asteriskFontz {\nfont-size: 12px;\nfont-weight: normal !important;\n}\n.dataTable {\nborder: 1px solid #3b2314;\nfont-family: futura_medium;\nfont-weight: normal;\ncolor: #3b2314;\n}\nlabel {\nfont-weight: normal;\nfont-family: 'futura_medium';\ncolor: #3b2314;\n}\n.dataTables_wrapper .dataTables_length select, .dataTables_wrapper .dataTables_filter input {\ncolor: #3b2314 !important;\nbackground-color: var(--color-aquatext) !important;\nfont-family: 'futura_medium';\nfont-size:15px;\n}\n.dataTables_wrapper .dataTables_paginate, .dataTables_wrapper .dataTables_info {\nfont-family: 'futura_medium';\nfont-size:15px;\ncolor: #3b2314;\n}\n@media (max-width: 1150px) {\n.dataTables_wrapper .dataTables_length {\npadding: 15px 0px;\nfloat: none !important;\ndisplay: block;\ntext-align: center;\nmargin: 0px 0px;\n}\n.dataTables_filter {\npadding: 15px 0px;\nfloat: none !important;\ntext-align: center !important;\n}\n.dataTables_wrapper .dataTables_length {\npadding: 15px 0px;\nfloat: none !important;\ndisplay: block;\ntext-align: center;\nmargin: 0px 0px;\n}\n#the80K_filterWrapper, #the50K_filterWrapper, #the35K_filterWrapper, #the21K_filterWrapper, #the14K_filterWrapper, #the7K_filterWrapper {\nwidth: 100%;\ndisplay: block;\ntext-align: center;\nposition: relative;\ntop: 4px;\nmargin: 20px 15px;\ncolor: #000;\n}\n}\n@media screen and (max-width: 1024px) {\n.flexContainer {\nflex-direction: column;\n}\n}\n@media screen and (max-width: 736px) {\n.flexContainer {\nflex-direction: column;\n}\n.dataTables_wrapper .dataTables_length {\npadding: 15px 0px;\nfloat: none !important;\ndisplay: block;\ntext-align: center;\nmargin: 0px 0px;\n}\n.dataTables_filter {\npadding: 15px 0px;\nfloat: none !important;\ntext-align: center !important;\n}\n.dataTables_wrapper .dataTables_length {\npadding: 15px 0px;\nfloat: none !important;\ndisplay: block;\ntext-align: center;\nmargin: 0px 0px;\n}\n#the80K_filterWrapper, #the50K_filterWrapper, #the35K_filterWrapper, #the21K_filterWrapper, #the14K_filterWrapper, #the7K_filterWrapper {\nwidth: 100%;\ndisplay: block;\ntext-align: center;\nposition: relative;\ntop: 4px;\nmargin: 20px 15px;\ncolor: #000;\n}\n#bannerPage {\nbackground-position: center;\n}\n}\n@media screen and (max-width: 480px) { \n.flexContainer {\nflex-direction: column;\n}\n#bannerPage {\nbackground-position: center !important;\n}\n}\n@media screen and (max-width: 480px) and (orientation: portrait) {\n.flexContainer {\nflex-direction: column;\n}\n#bannerPage {\nbackground-position: center !important;\n}\n}\n<\/style>\n<p><head><br \/>\n<meta charset=\"UTF-8\" \/><br \/>\n<script type=\"text\/javascript\" charset=\"utf8\" src=\"https:\/\/www.ultrapaine.com\/wp-content\/datatables\/datatablesESP.js\"><\/script><br \/>\n<script type=\"text\/javascript\" charset=\"utf8\" src=\"https:\/\/www.ultrapaine.com\/wp-content\/datatables\/filterDropDownESP.js\"><\/script><br \/>\n<script type=\"text\/javascript\" charset=\"utf8\" src=\"https:\/\/www.ultrapaine.com\/wp-content\/datatables\/accentremoval.js\"><\/script><br \/>\n<script type=\"text\/javascript\">\n\/* eslint-disable no-unused-vars *\/\njQuery(document).ready(function($){\n  $(\"#boxTwo\").click(function() {\n    $(\"#innerdivstylz80K\").fadeToggle();\n$(\"#innerdivstylz50K,#innerdivstylz35K,#innerdivstylz21K,#innerdivstylz14K,#innerdivstylz7K\").hide()\n  });\n});\njQuery(document).ready(function($){\n  $(\"#boxThree\").click(function() {\n    $(\"#innerdivstylz50K\").fadeToggle();\n$(\"#innerdivstylz80K,#innerdivstylz35K,#innerdivstylz21K,#innerdivstylz14K,#innerdivstylz7K\").hide()\n  });\n});\njQuery(document).ready(function($){\n  $(\"#boxFive\").click(function() {\n    $(\"#innerdivstylz35K\").fadeToggle();\n$(\"#innerdivstylz80K,#innerdivstylz50K,#innerdivstylz21K,#innerdivstylz14K,#innerdivstylz7K\").hide()\n  });\n});\njQuery(document).ready(function($){\n  $(\"#boxSix\").click(function() {\n    $(\"#innerdivstylz21K\").fadeToggle();\n$(\"#innerdivstylz80K,#innerdivstylz50K,#innerdivstylz35K,#innerdivstylz14K,#innerdivstylz7K\").hide()\n  });\n});\njQuery(document).ready(function($){\n  $(\"#boxSeven\").click(function() {\n    $(\"#innerdivstylz14K\").fadeToggle();\n$(\"#innerdivstylz80K,#innerdivstylz50K,#innerdivstylz35K,#innerdivstylz21K,#innerdivstylz7K\").hide()\n  });\n});\njQuery(document).ready(function($){\n  $(\"#boxEight\").click(function() {\n    $(\"#innerdivstylz7K\").fadeToggle();\n$(\"#innerdivstylz80K,#innerdivstylz50K,#innerdivstylz35K,#innerdivstylz21K,#innerdivstylz14K\").hide()\n  });\n});\n<\/script><br \/>\n<script type=\"application\/javascript\">\njQuery(document).ready(function($) {\n$('#the80K').DataTable({\nfilterDropDown: {\ncolumns: [ { idx: 9 },{ idx: 7 },{ idx: 5 } ] },\n    \"ajax\": {\"url\": \"https:\/\/www.ultrapaine.com\/wp-content\/datatables\/getData_UP_2024_80K.php\",\n                \"type\":\"POST\"}\n}); \n});\njQuery(document).ready(function($) {\n$('#the50K').DataTable({\nfilterDropDown: {\ncolumns: [ { idx: 9 },{ idx: 7 },{ idx: 5 } ] },\n    \"ajax\": {\"url\": \"https:\/\/www.ultrapaine.com\/wp-content\/datatables\/getData_UP_2024_50K.php\",\n                \"type\":\"POST\"}\n}); \n});\njQuery(document).ready(function($) {\n$('#the35K').DataTable({\nfilterDropDown: {\ncolumns: [ { idx: 9 },{ idx: 7 },{ idx: 5 } ] },\n    \"ajax\": {\"url\": \"https:\/\/www.ultrapaine.com\/wp-content\/datatables\/getData_UP_2024_35K.php\",\n                \"type\":\"POST\"}\n}); \n});\njQuery(document).ready(function($) {\n$('#the21K').DataTable({\nfilterDropDown: {\ncolumns: [ { idx: 9 },{ idx: 7 },{ idx: 5 } ] },\n    \"ajax\": {\"url\": \"https:\/\/www.ultrapaine.com\/wp-content\/datatables\/getData_UP_2024_21K.php\",\n                \"type\":\"POST\"}\n}); \n});\njQuery(document).ready(function($) {\n$('#the14K').DataTable({\nfilterDropDown: {\ncolumns: [ { idx: 9 },{ idx: 7 },{ idx: 5 } ] },\n    \"ajax\": {\"url\": \"https:\/\/www.ultrapaine.com\/wp-content\/datatables\/getData_UP_2024_14K.php\",\n                \"type\":\"POST\"}\n}); \n});\njQuery(document).ready(function($) {\n$('#the7K').DataTable({\nfilterDropDown: {\ncolumns: [ { idx: 9 },{ idx: 7 },{ idx: 5 } ] },\n    \"ajax\": {\"url\": \"https:\/\/www.ultrapaine.com\/wp-content\/datatables\/getData_UP_2024_7K.php\",\n                \"type\":\"POST\"}\n}); \n});\n<\/script>\n<link rel=\"stylesheet\" type=\"text\/css\" href=\"https:\/\/www.ultrapaine.com\/wp-content\/datatables\/datatables.css\" \/>\n<script src=\"https:\/\/ajax.googleapis.com\/ajax\/libs\/jquery\/2.1.1\/jquery.min.js\"><\/script><br \/>\n<\/head><br \/>\n<body><\/p>\n<div id=\"resultContainerHead\">\n<h2 class=\"editionTitlez\" id=\"fontDropOne\"><span class=\"greenSpanChange\">Resultados 2024 &#8211;<\/span> 80K, 50K, 35K, 21K, 14K &#038; 7K<\/h2>\n<h3 class=\"editionTitlez\" id=\"reduceFontTitlez\"><span class=\"yellowSpanChange\">10.<sup class=\"greenSpanChange\" style=\"font-size:15px;text-transform:lowercase !important;top:-0.5em;font-variant: none !important;\">o<\/sup> ANIVERSARIO<\/span> | 28 &#8211; 29 DE SEPTIEMBRE DE 2024<\/h3>\n<p><\/p>\n<div class=\"fullWidth\">\n<div class=\"flexContainer\">\n<div class=\"newjsspoiler capsuleTitleJump\" id=\"boxTwo\"><a class=\"jumpToTable\" href=\"#distancia80\"><\/p>\n<h2 class=\"capsuleTitlez\">80K<br \/><span class=\"showHide\">Clic para mostrar <span style=\"margin:-3px;padding:0;\">\/<\/span> cerrar<\/span><\/h2>\n<p><\/a><\/div>\n<div class=\"newjsspoiler capsuleTitleJump\" id=\"boxThree\"><a class=\"jumpToTable\" href=\"#distancia50\"><\/p>\n<h2 class=\"capsuleTitlez\">50K<br \/><span class=\"showHide\">Clic para mostrar <span style=\"margin:-3px;padding:0;\">\/<\/span> cerrar<\/span><\/h2>\n<p><\/a><\/div>\n<div class=\"newjsspoiler capsuleTitleJump\" id=\"boxFive\"><a class=\"jumpToTable\" href=\"#distancia35\"><\/p>\n<h2 class=\"capsuleTitlez\" id=\"titleChange\">35K<br \/><span class=\"showHide\">Clic para mostrar <span style=\"margin:-3px;padding:0;\">\/<\/span> cerrar<\/span><\/h2>\n<p><\/a><\/div>\n<div class=\"newjsspoiler capsuleTitleJump\" id=\"boxSix\"><a class=\"jumpToTable\" href=\"#distancia21\"><\/p>\n<h2 class=\"capsuleTitlez\" id=\"titleChange\">21K<br \/><span class=\"showHide\">Clic para mostrar <span style=\"margin:-3px;padding:0;\">\/<\/span> cerrar<\/span><\/h2>\n<p><\/a><\/div>\n<div class=\"newjsspoiler capsuleTitleJump\" id=\"boxSeven\"><a class=\"jumpToTable\" href=\"#distancia14\"><\/p>\n<h2 class=\"capsuleTitlez\">14K<br \/><span class=\"showHide\">Clic para mostrar <span style=\"margin:-3px;padding:0;\">\/<\/span> cerrar<\/span><\/h2>\n<p><\/a><\/div>\n<div class=\"newjsspoiler capsuleTitleJump\" id=\"boxEight\"><a class=\"jumpToTable\" href=\"#distancia7\"><\/p>\n<h2 class=\"capsuleTitlez\">7K<br \/><span class=\"showHide\">Clic para mostrar <span style=\"margin:-3px;padding:0;\">\/<\/span> cerrar<\/span><\/h2>\n<p><\/a><\/div>\n<\/div>\n<p><a name=\"distancia80\"><\/a><\/p>\n<div id=\"innerdivstylz80K\" class=\"containerResults\">\n<table id=\"the80K\" class=\"display\" style=\"width:100%;\">\n<thead>\n<tr>\n<th class=\"sorting\">Clasificaci\u00f3n<br \/>General<\/th>\n<th class=\"sorting\">Clasificaci\u00f3n<br \/>G\u00e9nero<\/th>\n<th class=\"sorting\">#<\/th>\n<th class=\"sorting\">Nombre<br \/>Completo<\/th>\n<th class=\"sorting\">Tiempo<br \/>General<\/th>\n<th class=\"sorting\">Pa\u00eds<\/th>\n<th class=\"sorting\">Ciudad<\/th>\n<th class=\"sorting\">Categor\u00eda<\/th>\n<th class=\"sorting\">Clasificaci\u00f3n<br \/>Categor\u00eda<\/th>\n<th class=\"sorting\">G\u00e9nero<\/th>\n<\/tr>\n<\/thead>\n<tfoot>\n<tr class=\"lastRow\">\n<th class=\"sorting\">Clasificaci\u00f3n<br \/>General<\/th>\n<th class=\"sorting\">Clasificaci\u00f3n<br \/>G\u00e9nero<\/th>\n<th class=\"sorting\">#<\/th>\n<th class=\"sorting\">Nombre<br \/>Completo<\/th>\n<th class=\"sorting\">Tiempo<br \/>General<\/th>\n<th class=\"sorting\">Pa\u00eds<\/th>\n<th class=\"sorting\">Ciudad<\/th>\n<th class=\"sorting\">Categor\u00eda<\/th>\n<th class=\"sorting\">Clasificaci\u00f3n<br \/>Categor\u00eda<\/th>\n<th class=\"sorting\">G\u00e9nero<\/th>\n<\/tr>\n<\/tfoot>\n<\/table>\n<\/div>\n<p>\n<a name=\"distancia50\"><\/a><\/p>\n<div id=\"innerdivstylz50K\" class=\"containerResults\">\n<table id=\"the50K\" class=\"display\" style=\"width:100%;\">\n<thead>\n<tr>\n<th class=\"sorting\">Clasificaci\u00f3n<br \/>General<\/th>\n<th class=\"sorting\">Clasificaci\u00f3n<br \/>G\u00e9nero<\/th>\n<th class=\"sorting\">#<\/th>\n<th class=\"sorting\">Nombre<br \/>Completo<\/th>\n<th class=\"sorting\">Tiempo<br \/>General<\/th>\n<th class=\"sorting\">Pa\u00eds<\/th>\n<th class=\"sorting\">Ciudad<\/th>\n<th class=\"sorting\">Categor\u00eda<\/th>\n<th class=\"sorting\">Clasificaci\u00f3n<br \/>Categor\u00eda<\/th>\n<th class=\"sorting\">G\u00e9nero<\/th>\n<\/tr>\n<\/thead>\n<tfoot>\n<tr class=\"lastRow\">\n<th class=\"sorting\">Clasificaci\u00f3n<br \/>General<\/th>\n<th class=\"sorting\">Clasificaci\u00f3n<br \/>G\u00e9nero<\/th>\n<th class=\"sorting\">#<\/th>\n<th class=\"sorting\">Nombre<br \/>Completo<\/th>\n<th class=\"sorting\">Tiempo<br \/>General<\/th>\n<th class=\"sorting\">Pa\u00eds<\/th>\n<th class=\"sorting\">Ciudad<\/th>\n<th class=\"sorting\">Categor\u00eda<\/th>\n<th class=\"sorting\">Clasificaci\u00f3n<br \/>Categor\u00eda<\/th>\n<th class=\"sorting\">G\u00e9nero<\/th>\n<\/tr>\n<\/tfoot>\n<\/table>\n<\/div>\n<p><a name=\"distancia35\"><\/a><\/p>\n<div id=\"innerdivstylz35K\" class=\"containerResults\">\n<table id=\"the35K\" class=\"display\" style=\"width:100%;\">\n<thead>\n<tr>\n<th class=\"sorting\">Clasificaci\u00f3n<br \/>General<\/th>\n<th class=\"sorting\">Clasificaci\u00f3n<br \/>G\u00e9nero<\/th>\n<th class=\"sorting\">#<\/th>\n<th class=\"sorting\">Nombre<br \/>Completo<\/th>\n<th class=\"sorting\">Tiempo<br \/>General<\/th>\n<th class=\"sorting\">Pa\u00eds<\/th>\n<th class=\"sorting\">Ciudad<\/th>\n<th class=\"sorting\">Categor\u00eda<\/th>\n<th class=\"sorting\">Clasificaci\u00f3n<br \/>Categor\u00eda<\/th>\n<th class=\"sorting\">G\u00e9nero<\/th>\n<\/tr>\n<\/thead>\n<tfoot>\n<tr class=\"lastRow\">\n<th class=\"sorting\">Clasificaci\u00f3n<br \/>General<\/th>\n<th class=\"sorting\">Clasificaci\u00f3n<br \/>G\u00e9nero<\/th>\n<th class=\"sorting\">#<\/th>\n<th class=\"sorting\">Nombre<br \/>Completo<\/th>\n<th class=\"sorting\">Tiempo<br \/>General<\/th>\n<th class=\"sorting\">Pa\u00eds<\/th>\n<th class=\"sorting\">Ciudad<\/th>\n<th class=\"sorting\">Categor\u00eda<\/th>\n<th class=\"sorting\">Clasificaci\u00f3n<br \/>Categor\u00eda<\/th>\n<th class=\"sorting\">G\u00e9nero<\/th>\n<\/tr>\n<\/tfoot>\n<\/table>\n<\/div>\n<p>\n<a name=\"distancia21\"><\/a><\/p>\n<div id=\"innerdivstylz21K\" class=\"containerResults\">\n<table id=\"the21K\" class=\"display\" style=\"width:100%;\">\n<thead>\n<tr>\n<th class=\"sorting\">Clasificaci\u00f3n<br \/>General<\/th>\n<th class=\"sorting\">Clasificaci\u00f3n<br \/>G\u00e9nero<\/th>\n<th class=\"sorting\">#<\/th>\n<th class=\"sorting\">Nombre<br \/>Completo<\/th>\n<th class=\"sorting\">Tiempo<br \/>General<\/th>\n<th class=\"sorting\">Pa\u00eds<\/th>\n<th class=\"sorting\">Ciudad<\/th>\n<th class=\"sorting\">Categor\u00eda<\/th>\n<th class=\"sorting\">Clasificaci\u00f3n<br \/>Categor\u00eda<\/th>\n<th class=\"sorting\">G\u00e9nero<\/th>\n<\/tr>\n<\/thead>\n<tfoot>\n<tr class=\"lastRow\">\n<th class=\"sorting\">Clasificaci\u00f3n<br \/>General<\/th>\n<th class=\"sorting\">Clasificaci\u00f3n<br \/>G\u00e9nero<\/th>\n<th class=\"sorting\">#<\/th>\n<th class=\"sorting\">Nombre<br \/>Completo<\/th>\n<th class=\"sorting\">Tiempo<br \/>General<\/th>\n<th class=\"sorting\">Pa\u00eds<\/th>\n<th class=\"sorting\">Ciudad<\/th>\n<th class=\"sorting\">Categor\u00eda<\/th>\n<th class=\"sorting\">Clasificaci\u00f3n<br \/>Categor\u00eda<\/th>\n<th class=\"sorting\">G\u00e9nero<\/th>\n<\/tr>\n<\/tfoot>\n<\/table>\n<\/div>\n<p>\n<a name=\"distancia14\"><\/a><\/p>\n<div id=\"innerdivstylz14K\" class=\"containerResults\">\n<table id=\"the14K\" class=\"display\" style=\"width:100%;\">\n<thead>\n<tr>\n<th class=\"sorting\">Clasificaci\u00f3n<br \/>General<\/th>\n<th class=\"sorting\">Clasificaci\u00f3n<br \/>G\u00e9nero<\/th>\n<th class=\"sorting\">#<\/th>\n<th class=\"sorting\">Nombre<br \/>Completo<\/th>\n<th class=\"sorting\">Tiempo<br \/>General<\/th>\n<th class=\"sorting\">Pa\u00eds<\/th>\n<th class=\"sorting\">Ciudad<\/th>\n<th class=\"sorting\">Categor\u00eda<\/th>\n<th class=\"sorting\">Clasificaci\u00f3n<br \/>Categor\u00eda<\/th>\n<th class=\"sorting\">G\u00e9nero<\/th>\n<\/tr>\n<\/thead>\n<tfoot>\n<tr class=\"lastRow\">\n<th class=\"sorting\">Clasificaci\u00f3n<br \/>General<\/th>\n<th class=\"sorting\">Clasificaci\u00f3n<br \/>G\u00e9nero<\/th>\n<th class=\"sorting\">#<\/th>\n<th class=\"sorting\">Nombre<br \/>Completo<\/th>\n<th class=\"sorting\">Tiempo<br \/>General<\/th>\n<th class=\"sorting\">Pa\u00eds<\/th>\n<th class=\"sorting\">Ciudad<\/th>\n<th class=\"sorting\">Categor\u00eda<\/th>\n<th class=\"sorting\">Clasificaci\u00f3n<br \/>Categor\u00eda<\/th>\n<th class=\"sorting\">G\u00e9nero<\/th>\n<\/tr>\n<\/tfoot>\n<\/table>\n<\/div>\n<p>\n<a name=\"distancia7\"><\/a><\/p>\n<div id=\"innerdivstylz7K\" class=\"containerResults\">\n<table id=\"the7K\" class=\"display\" style=\"width:100%;\">\n<thead>\n<tr>\n<th class=\"sorting\">Clasificaci\u00f3n<br \/>General<\/th>\n<th class=\"sorting\">Clasificaci\u00f3n<br \/>G\u00e9nero<\/th>\n<th class=\"sorting\">#<\/th>\n<th class=\"sorting\">Nombre<br \/>Completo<\/th>\n<th class=\"sorting\">Tiempo<br \/>General<\/th>\n<th class=\"sorting\">Pa\u00eds<\/th>\n<th class=\"sorting\">Ciudad<\/th>\n<th class=\"sorting\">Categor\u00eda<\/th>\n<th class=\"sorting\">Clasificaci\u00f3n<br \/>Categor\u00eda<\/th>\n<th class=\"sorting\">G\u00e9nero<\/th>\n<\/tr>\n<\/thead>\n<tfoot>\n<tr class=\"lastRow\">\n<th class=\"sorting\">Clasificaci\u00f3n<br \/>General<\/th>\n<th class=\"sorting\">Clasificaci\u00f3n<br \/>G\u00e9nero<\/th>\n<th class=\"sorting\">#<\/th>\n<th class=\"sorting\">Nombre<br \/>Completo<\/th>\n<th class=\"sorting\">Tiempo<br \/>General<\/th>\n<th class=\"sorting\">Pa\u00eds<\/th>\n<th class=\"sorting\">Ciudad<\/th>\n<th class=\"sorting\">Categor\u00eda<\/th>\n<th class=\"sorting\">Clasificaci\u00f3n<br \/>Categor\u00eda<\/th>\n<th class=\"sorting\">G\u00e9nero<\/th>\n<\/tr>\n<\/tfoot>\n<\/table>\n<\/div>\n<p>\n<\/div>\n<\/div>\n<p><\/body><\/p>","protected":false},"excerpt":{"rendered":"<p>Resultados 2024 &#8211; 80K, 50K, 35K, 21K, 14K &#038; 7K 10.o ANIVERSARIO | 28 &#8211; 29 DE SEPTIEMBRE DE 2024 80KClic para mostrar \/ cerrar 50KClic para mostrar \/ cerrar 35KClic para mostrar \/ cerrar 21KClic para mostrar \/ cerrar 14KClic para mostrar \/ cerrar 7KClic para mostrar \/ cerrar Clasificaci\u00f3nGeneral Clasificaci\u00f3nG\u00e9nero # NombreCompleto TiempoGeneral [&hellip;]<\/p>\n","protected":false},"author":1,"featured_media":0,"parent":0,"menu_order":0,"comment_status":"closed","ping_status":"closed","template":"","meta":[],"_links":{"self":[{"href":"https:\/\/www.ultrapaine.com\/es\/wp-json\/wp\/v2\/pages\/489"}],"collection":[{"href":"https:\/\/www.ultrapaine.com\/es\/wp-json\/wp\/v2\/pages"}],"about":[{"href":"https:\/\/www.ultrapaine.com\/es\/wp-json\/wp\/v2\/types\/page"}],"author":[{"embeddable":true,"href":"https:\/\/www.ultrapaine.com\/es\/wp-json\/wp\/v2\/users\/1"}],"replies":[{"embeddable":true,"href":"https:\/\/www.ultrapaine.com\/es\/wp-json\/wp\/v2\/comments?post=489"}],"version-history":[{"count":8,"href":"https:\/\/www.ultrapaine.com\/es\/wp-json\/wp\/v2\/pages\/489\/revisions"}],"predecessor-version":[{"id":693,"href":"https:\/\/www.ultrapaine.com\/es\/wp-json\/wp\/v2\/pages\/489\/revisions\/693"}],"wp:attachment":[{"href":"https:\/\/www.ultrapaine.com\/es\/wp-json\/wp\/v2\/media?parent=489"}],"curies":[{"name":"wp","href":"https:\/\/api.w.org\/{rel}","templated":true}]}}