{"id":51,"date":"2024-06-07T14:09:38","date_gmt":"2024-06-07T14:09:38","guid":{"rendered":"https:\/\/www.brown.endurancepatagonia.com\/?page_id=51"},"modified":"2025-03-04T17:34:26","modified_gmt":"2025-03-04T17:34:26","slug":"press","status":"publish","type":"page","link":"https:\/\/www.ultrapaine.com\/es\/press","title":{"rendered":"Prensa"},"content":{"rendered":"<p><\/p>\n<style>\n#bannerPage {\nbackground-image: url('https:\/\/cdn.racingpatagonia.com\/utpaine\/images\/slideshow4_utp1909clsi1909_36.jpg') !important;\nbackground-position: 0em 0em;\n}\n.container {\n    max-width: none;\n    margin: 0 auto !important;\n    padding: 0;\n}\n#backgroundChangeEquipment {\nbackground-color: #617020 !important;\ncolor: #fff;\ntext-shadow: 1px 1px 1px #000, 1px 1px 1px #000;\nfont-size: 13px;\npadding: 0px 10px !important;\n}\n.cellYellow {\npadding: 10px !important;\nbackground-color:#f8dc55;\ntext-align: left;\nvertical-align: top;\n}\n.cellBlack {\npadding: 10px !important;\nbackground-color:#515151;\ntext-align: left;\nvertical-align: top;\n}\n.cellBlackFont {\ncolor: #fff;\ntext-shadow: 1px 0px 1px #000;\n}\nli {\nfont-size: 15px;\n}\n.footerRowz {\nbackground-color: #fffbde;\n}\n.strongWhitePER {\ncolor:#fff;\ntext-shadow:1px 1px 2px #000, 0px 1px 1px #000, 0px 0px 1px #000;\n}\n.strongRed {\ncolor:#f00;\n}\n.subHeaderFont {\nfont-family: 'Futura';\nfont-size: 13px;\nfont-weight: bold;\ntext-align: center;\nmargin: 10px 0px !important;\n}\n#trademarkHistory {\nfont-family: Futura;\nfont-size: 12px;\nposition: relative;\ntop: -25px;\n}\n.containerGraph {\nborder: 3px solid #000;\ndisplay:flex;\nflex-direction:column;\nwidth: 100%;\ntext-align: center;\nmargin: 0 auto;\n}\n.videoContainer {\ndisplay:block;\ntext-align: center;\nmargin: 0 auto;\npadding-top: 30px;\n}\n.smallprintfontz {\nfont-size: 12px;\ntext-align: center;\ncolor: #000;\npadding: 5px !important;\nmargin-bottom: 0px !important;\nfont-family: Futura;\n}\n.smallPrintContainer {\nbackground-color: #fff799 !important;\nborder-top: 1px solid #000;\n}\n#hyphenz {\nposition: relative;\ntop: -7px;\nfont-family: 'Futura';\nmargin: 0px -5px;\nfont-size: 20px;\n}\n.fontz {\nmargin: 30px;\n}\n#tableGraphSplitz {\ndisplay: flex; \nwidth: 53%;\nflex-direction: column;\nalign-items: center;\njustify-content: center; \nmargin: 0 auto;\n}\n#splitTable {\nwidth: fit-content;\n}\n#splitGraph {\nwidth: auto;\n}\n.graphWidth {\nwidth: 100%;\nmargin: 0 auto;\ndisplay: block;\ntext-align:center;\n}\n.meses {\nfont-size: 1em;\npadding: 15px 5px 10px 5px !important;\nletter-spacing: 1px;\ntext-align: center;\ntext-shadow: 1px 1px 1px #000, 1px 1px 1px #000;\n}\n.hyphenYellow, .titleYellow {\ncolor: #fcdc2a;\ntext-shadow: 1px 1px 1px #000, 1px 1px 1px #000;\n}\ntd {\nfont-family: 'Futura';\n}\n.tableTrademarkz {\nfont-size:8px;\ntop:-5px;\nposition:relative;\n}\n.columnTo, .columnFrom, .columnYear {\nwidth: 20%;\n}\n.columnReference {\nwidth: 40%;\n}\n.hrLine:after {\n    background: linear-gradient(270deg,hsla(0,0%,100%,0),#ffd806 50%,hsla(0,0%,100%,0));\n    content: \"\";\n    height: 0.1em;\n    position: absolute;\n    width: 100%;\n    margin-top: 1em;\n}\n.blogQuotes {\nfont-family: Futura;\nfont-size: 20px;\ncolor: #000;\ntext-align: center;\nmargin: 30px 0px;\npadding: 10px;\nletter-spacing: 1px;\n}\n.blogQuotes:before {\n    content: \"\\201C\";\n    font-size: 4rem;\n    line-height: 0px;\n    margin: 0;\n    color: rgba(248, 220, 85, 0.5);\n    font-family: arial, sans-serif;\n    position: relative;\n    top: 0.6rem;\n    right: 0.4rem;\n}\n.fontDenominations {\nmargin: 0 auto;\ntext-align:center;\nwidth:75%;\n}\n.columnSorting {\ncolumns:3;\n-webkit-columns:3;\n-moz-columns: 3;\n}\n.fontz {\nmargin: 20px;\n}\n.logosMedia {\nmargin: 5px 30px;\nposition: relative;\n}\n.logosMedia:hover {\nopacity: 0.7;\n}\n.fullFlex {\nflex-direction: column;\nmargin: 50px 0px;\n}\n.pressRowInner {\njustify-content: center;\ndisplay: flex;\nalign-items: center;\n}\n.slideshowFlags {\nborder: 1px solid #000;\nmargin: 0px 10px 0px 0px;\nposition: relative;\ntop: 1px;\n}\n.slideshowFlagsDos {\nborder: 1px solid #f0cc00;\nmargin: 0px 10px 0px 0px;\nposition: relative;\ntop: 1px;\n}\n#jquery-slideshow-container {\nheight: 130px;\n}\n#jquery-slideshow-container #btn-next, #jquery-slideshow-container #btn-prev {\ntop: 60%;\n}\n.slideTextFour {\nfont-size:19px;\n}\n@media screen and (max-width: 736px) {\n#jquery-slideshow-container {\nheight: 250px;\n}\n.slideTextFour {\nfont-size:14px;\n}\n.logosMedia {\nmargin: 30px;\n}\n.pressRowInner {\nflex-direction: column;\n}\n.fontDenominations {\nwidth: 100%;\n}\n#bannerPage {\nbackground-position: center !important;\n}\n.columnSorting {\ncolumns:1;\n-webkit-columns:1;\n-moz-columns: 1;\n}\n}\n@media screen and (max-width: 480px) { \n#jquery-slideshow-container {\nheight: 250px;\n}\n.slideTextFour {\nfont-size:14px;\n}\n.logosMedia {\nmargin: 30px;\n}\n.pressRowInner {\nflex-direction: column;\n}\n.fontDenominations {\nwidth: 100%;\n}\n#bannerPage {\nbackground-position: center !important;\n}\n.columnSorting {\ncolumns:1;\n-webkit-columns:1;\n-moz-columns: 1;\n}\n}\n<\/style>\n<p class=\"fontz\" style=\"text-align: center;\">Desde la primera edici\u00f3n en 2014, <strong>Ultra Paine<sup class=\"upTrademark\">\u00ae<\/sup><\/strong>, ha capturado la atenci\u00f3n de medios de prensa nacional e internacional. Sus im\u00e1genes sorprendentes, su locaci\u00f3n en el coraz\u00f3n de la Patagonia, su ambiente multinacional y el desaf\u00edo de correr en este territorio, han sido parte de su atractivo. As\u00ed, en estos a\u00f1os, se ha logrado una amplia cobertura medi\u00e1tica, nacional e internacional. Aqu\u00ed te dejamos algunas menciones:<\/p>\n<div id=\"jquery-slideshow-container\">\n<ul id=\"jquery-slideshow\">\n<li class=\"slideBgroundz\" id=\"slideBgroundzOne\"><span class=\"slideTextOne\"><span>&#8246;<\/span>Your racing dream has come true!<span>&#8243;<\/span><\/span><br \/><span class=\"slideTextSeven\"><span>&#8211;<\/span> Running Ultramarathons <img decoding=\"async\" src=\"https:\/\/cdn.racingpatagonia.com\/expedition\/flags\/flag_Canada.png\" alt=\"Canada Flag\" width=\"20\" class=\"slideshowFlagsDos\" \/><span>&#8211;<\/span><\/li>\n<li class=\"slideBgroundz\" id=\"slideBgroundzTwo\"><span class=\"slideTextOne\"><span>&#8246;<\/span>Correndo no para\u00edso patag\u00f4nico<span>&#8243;<\/span><\/span><br \/><span class=\"slideTextEight\"><span>&#8211;<\/span> Adventuremag <img decoding=\"async\" src=\"https:\/\/cdn.racingpatagonia.com\/expedition\/flags\/flag_Brazil.png\" alt=\"Brazil Flag\" width=\"20\" class=\"slideshowFlags\" \/><span>&#8211;<\/span><\/span><\/li>\n<li class=\"slideBgroundz\" id=\"slideBgroundzOne\"><span class=\"slideTextOne\"><span>&#8246;<\/span>Six of the best ultra trail races in the world<span>&#8243;<\/span><\/span><br \/><span class=\"slideTextSeven\"><span>&#8211;<\/span> Redbull.com <img decoding=\"async\" src=\"https:\/\/cdn.racingpatagonia.com\/expedition\/flags\/flag_UK.png\" alt=\"UK Flag\" width=\"20\" class=\"slideshowFlagsDos\" \/><span>&#8211;<\/span><\/li>\n<li class=\"slideBgroundz\" id=\"slideBgroundzTwo\"><span class=\"slideTextOne\"><span>&#8246;<\/span>Spektakul\u00e4r l\u00f6pning n\u00e4ra v\u00e4rldens \u00e4nde<span>&#8243;<\/span><\/span><br \/><span class=\"slideTextEight\"><span>&#8211;<\/span> Runner&#8217;s World <img decoding=\"async\" src=\"https:\/\/cdn.racingpatagonia.com\/expedition\/flags\/flag_Sweden.png\" alt=\"Sweden Flag\" width=\"20\" class=\"slideshowFlags\" \/><span>&#8211;<\/span><\/span><\/li>\n<li class=\"slideBgroundz\" id=\"slideBgroundzOne\"><span class=\"slideTextOne\"><span>&#8246;<\/span>Los paisajes m\u00e1s bellos de esta zona del extremo sur del continente americano<span>&#8243;<\/span><\/span><br \/><span class=\"slideTextSeven\"><span>&#8211;<\/span> Runner&#8217;s World <img decoding=\"async\" src=\"https:\/\/cdn.racingpatagonia.com\/expedition\/flags\/flag_Spain.png\" alt=\"Spain Flag\" width=\"20\" class=\"slideshowFlagsDos\" \/><span>&#8211;<\/span><\/li>\n<li class=\"slideBgroundz\" id=\"slideBgroundzTwo\"><span class=\"slideTextOne\"><span>&#8246;<\/span>Emo\u00e7\u00e3o garantida<span>&#8243;<\/span><\/span><br \/><span class=\"slideTextEight\"><span>&#8211;<\/span> Runner&#8217;s World <img decoding=\"async\" src=\"https:\/\/cdn.racingpatagonia.com\/expedition\/flags\/flag_Brazil.png\" alt=\"Brazil Flag\" width=\"20\" class=\"slideshowFlags\" \/><span>&#8211;<\/span><\/span><\/li>\n<li class=\"slideBgroundz\" id=\"slideBgroundzOne\"><span class=\"slideTextOne\"><span>&#8246;<\/span>Der Ultra Paine im S\u00fcden Chiles ist ein Traum f\u00fcr alle Trailrunner<span>&#8243;<\/span><\/span><br \/><span class=\"slideTextSeven\"><span>&#8211;<\/span> SpiritoTrail <img decoding=\"async\" src=\"https:\/\/cdn.racingpatagonia.com\/expedition\/flags\/flag_Germany.png\" alt=\"Germany Flag\" width=\"20\" class=\"slideshowFlagsDos\" \/><span>&#8211;<\/span><\/li>\n<li class=\"slideBgroundz\" id=\"slideBgroundzTwo\"><span class=\"slideTextFour\"><span>&#8246;<\/span>Una terra di emozioni forti che, a volte, quasi ti spezzano, dove la natura non \u00e8 imbrigliata, addomesticata, resa a misura d&#8217;uomo<span>&#8243;<\/span><\/span><br \/><span class=\"slideTextEight\"><span>&#8211;<\/span> SpiritoTrail <img decoding=\"async\" src=\"https:\/\/cdn.racingpatagonia.com\/expedition\/flags\/flag_Italy.png\" alt=\"Italy Flag\" width=\"20\" class=\"slideshowFlags\" \/><span>&#8211;<\/span><\/span><\/li>\n<li class=\"slideBgroundz\" id=\"slideBgroundzOne\"><span class=\"slideTextOne\"><span>&#8246;<\/span>Notre top 5 des plus beaux trails de l\u2019\u00e9t\u00e9 \u00e0 travers le monde<span>&#8243;<\/span><\/span><br \/><span class=\"slideTextSeven\"><span>&#8211;<\/span> Ouest France <img decoding=\"async\" src=\"https:\/\/cdn.racingpatagonia.com\/expedition\/flags\/flag_France.png\" alt=\"France Flag\" width=\"20\" class=\"slideshowFlagsDos\" \/><span>&#8211;<\/span><\/li>\n<li class=\"slideBgroundz\" id=\"slideBgroundzTwo\"><span class=\"slideTextOne\"><span>&#8246;<\/span>Es un sue\u00f1o del trail running<span>&#8243;<\/span><\/span><br \/><span class=\"slideTextEight\"><span>&#8211;<\/span> Iloverunn <img decoding=\"async\" src=\"https:\/\/cdn.racingpatagonia.com\/expedition\/flags\/flag_Argentina.png\" alt=\"Argentina Flag\" width=\"20\" class=\"slideshowFlags\" \/><span>&#8211;<\/span><\/span><\/li>\n<li class=\"slideBgroundz\" id=\"slideBgroundzOne\"><span class=\"slideTextFour\"><span>&#8246;<\/span>This is your chance to navigate stunning river crossings and forest climbs\u2026 in one of the world\u2019s most pristine running environments<span>&#8243;<\/span><\/span><br \/><span class=\"slideTextSeven\"><span>&#8211;<\/span> IRun4Ultra <img decoding=\"async\" src=\"https:\/\/cdn.racingpatagonia.com\/expedition\/flags\/flag_USA.png\" alt=\"USA Flag\" width=\"20\" class=\"slideshowFlagsDos\" \/><span>&#8211;<\/span><\/li>\n<li class=\"slideBgroundz\" id=\"slideBgroundzTwo\"><span class=\"slideTextOne\"><span>&#8246;<\/span>Una carrera m\u00e1gica<span>&#8243;<\/span><\/span><br \/><span class=\"slideTextEight\"><span>&#8211;<\/span> Run Fit <img decoding=\"async\" src=\"https:\/\/cdn.racingpatagonia.com\/expedition\/flags\/flag_Uruguay.png\" alt=\"Uruguay Flag\" width=\"20\" class=\"slideshowFlags\" \/><span>&#8211;<\/span><\/span><\/li>\n<li class=\"slideBgroundz\" id=\"slideBgroundzOne\"><span class=\"slideTextOne\"><span>&#8246;<\/span>Excepcionales paisajes<span>&#8243;<\/span><\/span><br \/><span class=\"slideTextSeven\"><span>&#8211;<\/span> Carreras de Monta\u00f1a <img decoding=\"async\" src=\"https:\/\/cdn.racingpatagonia.com\/expedition\/flags\/flag_Spain.png\" alt=\"Spain Flag\" width=\"20\" class=\"slideshowFlagsDos\" \/><span>&#8211;<\/span><\/li>\n<li class=\"slideBgroundz\" id=\"slideBgroundzTwo\"><span class=\"slideTextOne\"><span>&#8246;<\/span>Explore a whole new world at Chilean Patagonia<span>&#8243;<\/span><\/span><br \/><span class=\"slideTextEight\"><span>&#8211;<\/span> Run Singapore  <img decoding=\"async\" src=\"https:\/\/cdn.racingpatagonia.com\/expedition\/flags\/flag_Singapore.png\" alt=\"Singapore Flag\" width=\"20\" class=\"slideshowFlags\" \/><span>&#8211;<\/span><\/span><\/li>\n<li class=\"slideBgroundz\" id=\"slideBgroundzOne\"><span class=\"slideTextFour\"><span>&#8246;<\/span>A magnet for runners from over 30 countries who were looking for the perfect way to get up close to the stunning natural beauty of Chilean Patagonia<span>&#8243;<\/span><\/span><br \/><span class=\"slideTextSeven\"><span>&#8211;<\/span> RunABC <img decoding=\"async\" src=\"https:\/\/cdn.racingpatagonia.com\/expedition\/flags\/flag_Scotland.png\" alt=\"Scotland Flag\" width=\"20\" class=\"slideshowFlagsDos\" \/><span>&#8211;<\/span><\/li>\n<li class=\"slideBgroundz\" id=\"slideBgroundzTwo\"><span class=\"slideTextOne\"><span>&#8246;<\/span>Mais perto da natureza<span>&#8243;<\/span><\/span><br \/><span class=\"slideTextEight\"><span>&#8211;<\/span> Go Outside  <img decoding=\"async\" src=\"https:\/\/cdn.racingpatagonia.com\/expedition\/flags\/flag_Brazil.png\" alt=\"Brazil Flag\" width=\"20\" class=\"slideshowFlags\" \/><span>&#8211;<\/span><\/span><\/li>\n<\/ul>\n<\/div>\n<p><\/p>","protected":false},"excerpt":{"rendered":"<p>Desde la primera edici\u00f3n en 2014, Ultra Paine\u00ae, ha capturado la atenci\u00f3n de medios de prensa nacional e internacional. Sus im\u00e1genes sorprendentes, su locaci\u00f3n en el coraz\u00f3n de la Patagonia, su ambiente multinacional y el desaf\u00edo de correr en este territorio, han sido parte de su atractivo. As\u00ed, en estos a\u00f1os, se ha logrado una [&hellip;]<\/p>\n","protected":false},"author":1,"featured_media":0,"parent":0,"menu_order":0,"comment_status":"closed","ping_status":"closed","template":"","meta":[],"_links":{"self":[{"href":"https:\/\/www.ultrapaine.com\/es\/wp-json\/wp\/v2\/pages\/51"}],"collection":[{"href":"https:\/\/www.ultrapaine.com\/es\/wp-json\/wp\/v2\/pages"}],"about":[{"href":"https:\/\/www.ultrapaine.com\/es\/wp-json\/wp\/v2\/types\/page"}],"author":[{"embeddable":true,"href":"https:\/\/www.ultrapaine.com\/es\/wp-json\/wp\/v2\/users\/1"}],"replies":[{"embeddable":true,"href":"https:\/\/www.ultrapaine.com\/es\/wp-json\/wp\/v2\/comments?post=51"}],"version-history":[{"count":13,"href":"https:\/\/www.ultrapaine.com\/es\/wp-json\/wp\/v2\/pages\/51\/revisions"}],"predecessor-version":[{"id":367,"href":"https:\/\/www.ultrapaine.com\/es\/wp-json\/wp\/v2\/pages\/51\/revisions\/367"}],"wp:attachment":[{"href":"https:\/\/www.ultrapaine.com\/es\/wp-json\/wp\/v2\/media?parent=51"}],"curies":[{"name":"wp","href":"https:\/\/api.w.org\/{rel}","templated":true}]}}