{"id":869,"date":"2025-11-11T17:59:32","date_gmt":"2025-11-11T17:59:32","guid":{"rendered":"https:\/\/www.ultrapaine.com\/?page_id=869"},"modified":"2025-11-11T17:59:32","modified_gmt":"2025-11-11T17:59:32","slug":"request-center","status":"publish","type":"page","link":"https:\/\/www.ultrapaine.com\/es\/request-center","title":{"rendered":"Centro de Solicitudes"},"content":{"rendered":"<p><\/p>\n<style>\n#bannerPage {\nbackground-image: url('https:\/\/cdn.racingpatagonia.com\/utpaine\/images\/2025\/UP25_TorresdelPaine_Web_Background_6.jpg') !important;\nbackground-position: center;\n}\n.entry table td {\nvertical-align: middle !important; \nborder: 1px solid #fff !important;\n}\ntable {\nborder-collapse: initial;\n}\n.pimTrademark {\nposition: relative;\ntop: 4px;\n}\n.titleFontzContainer {\nmargin: 30px 0px 0px 0px;\n}\n.tableStylingz {\ndisplay: table;\ntext-shadow: none;\nmargin: 0 auto !important;\n}\n.noteInclude {\nfont-size:12px;\nbackground-color:#c2cdd9;\ncolor:#0b2847;\ntext-shadow: none;\n}\n.distanceHeader {\nfont-size: 1.8em;\n}\n.primeroColumnz, .segundoColumnz, .terceroColumnz {\ntext-transform: initial;\n}\n#categoriesFotoContainer {\ndisplay: flex;\nflex-direction: row;\nflex-wrap: wrap;\nmargin: 0 auto;\njustify-content: center;\nwidth: 100%;\nmax-width: 900px;\npadding-left: 4px;\n}\n.categoriesFotos {\npadding: 7px 18px 7px 18px\n}\n.categoriesFotos:hover {\n-webkit-filter: grayscale(100%); \/* Safari 6.0 - 9.0 *\/\nfilter: grayscale(100%);\ncursor: pointer;\n}\n#categoryContainer {\nmargin: 20px 50px;\n}\n.titleSeperatorsReverse {\nbackground-color: var(--color-yellow-per);\nline-height: 15px;\n}\n.seperatorTitlesReverse {\ncolor: var(--color-brownbground);\ntext-shadow: 1px 0px 1px #fff, 1px 0px 1px #fff;\n}\n#fullSplit {\ndisplay: flex;\nwidth: 100%;\nflex-flow: row;\nmax-width: 1200px;\nmargin: 0 auto;\npadding: 50px 0px;\n}\n#splitLeftz {\nwidth: 60%;\nmargin-top: 30px;\n}\n#splitRightz {\n    width: 40%;\n    margin: 30px 0px 0px 0px;\n}\n#reduceImg {\nwidth: 60%;\nmargin: 0 auto;\ntext-align: center;\ndisplay: block;\n}\n#reduceImg:hover {\nfilter: sepia(1);\n}\n.fontz {\nmargin: 20px;\n}\n#baseRow {\ndisplay: flex;\nflex-direction: row;\nwidth: 100%;\nalign-items: flex-start;\njustify-content: center;\nmargin: 0 auto;\n}\n.boxes {\ndisplay: flex;\njustify-content: center;\nalign-items: center;\nwidth: 100%;\n}\n.boxesDouble, .boxesTriple {\nborder: 1px solid #000;\nheight: 100px;\n}\n#box1 {\nbackground-color: var(--color-brownbground);\ncolor: var(--color-yellowtext);\n}\n#box2 {\nbackground-color: var(--color-yellowtext);\ncolor: var(--color-brownbground);\n}\n#box3 {\nbackground-color: var(--color-brownbground);\ncolor: var(--color-yellowtext);\n}\n#box4 {\nbackground-color: var(--color-yellowtext);\ncolor: var(--color-brownbground);\n}\n#box5 {\nbackground-color: var(--color-brownbground);\ncolor: var(--color-yellowtext);\n}\n#box6 {\nbackground-color: var(--color-yellowtext);\ncolor: var(--color-brownbground);\n}\n.linkColorBrown {\ncolor: var(--color-brownbground);\n}\n.linkColorYellow {\ncolor: var(--color-yellowtext);\n}\n.subTitleMenuLink {\nfont-size: 13px;\ntext-align: center;\nfont-family: 'Futura';\nfont-weight: normal;\n-webkit-font-smoothing: antialiased;\n-moz-osx-font-smoothing: grayscale !important;\nmargin: 0 auto !important;\npadding: 10px;\n}\n.boxesDouble:hover {\n  color: #fff !important;\n  animation: pulsate 0.11s ease-in-out infinite alternate; \n  filter: none !important;\n  cursor: pointer;\n  z-index: 1;\n}\n.boxesDouble:hover {\n  color: fff !important;\n  box-shadow: 0 0 5px 0 var(--color-brownbground) inset, 0 0 5px 5px var(--color-brownbground);\n  background-color: #d53b3e !important;\n  cursor: pointer;\n  z-index: 1;\ncolor: #fff !important;\n}\n.boxesTriple:hover {\n  color: #fff !important;\n  animation: pulsate 0.11s ease-in-out infinite alternate; \n  filter: none !important;\n  cursor: pointer;\n  z-index: 1;\n}\n.boxesTriple:hover {\n  color: #fff !important;\n  box-shadow: 0 0 5px 0 var(--color-yellowtext) inset, 0 0 5px 5px var(--color-yellowtext);\n  background-color: #d53b3e !important;\n  cursor: pointer;\n  z-index: 1;\ncolor: #fff !important;\n}\n.boxes:hover .linkColorYellow {\ncolor: #fff;\n}\n.boxes:hover .linkColorBrown {\ncolor: #fff;\n}\n@media screen and (max-width: 900px) {\n#baseRow {\nflex-direction: column;\nmargin: 0 auto;\ntext-align: center;\nwidth: 50%;\n}\n#fullSplit {\nflex-flow: column;\n}\n#splitLeftz {\nwidth: 100%;\n}\n#splitRightz {\nwidth: 100%;\nmargin: 0 auto;\n}\n#reduceImg {\nwidth: 30%;\npadding-top: 50px;\n}\n#bannerPage {\nbackground-position: center;\n}\n}\n@media screen and (max-width: 480px) { \n#fullSplit {\nflex-flow: column;\n}\n#splitLeftz {\nwidth: 100%;\n}\n#splitRightz {\nwidth: 100%;\nmargin: 0 auto;\n}\n#reduceImg {\nwidth: 30%;\npadding-top: 50px;\n}\n.fontz {\ntext-align: left;\n}\n}\n@media screen and (max-width: 480px) and (orientation: portrait) {\n#fullSplit {\nflex-flow: column;\n}\n#splitLeftz {\nwidth: 100%;\n}\n#splitRightz {\nwidth: 100%;\nmargin: 0 auto;\n}\n#reduceImg {\nwidth: 30%;\npadding-top: 50px;\n}\n#bannerPage {\nbackground-position: center;\n}\n<\/style>\n<div style=\"margin: 100px 50px;text-align:center;position:relative;\">\n<div id=\"baseRow\">\n<div class=\"boxes boxesDouble\" id=\"box1\" onclick=\"window.open('https:\/\/forms.gle\/zqfwPSizgV3vZ9YRA', '_blank');\">\n<h5 class=\"subTitleMenuLink linkColorYellow\">Cambio de distancia<\/h5>\n<\/div>\n<div class=\"boxes boxesTriple\" id=\"box2\" onclick=\"window.open('https:\/\/forms.gle\/2fv3ewQg2nezPTUW7', '_blank');\">\n<h5 class=\"subTitleMenuLink linkColorBrown\">Descuento regional (cuenta Gmail)*<\/h5>\n<\/div>\n<div class=\"boxes boxesDouble\" id=\"box3\" onclick=\"window.open('https:\/\/forms.gle\/ntFapaG2U5H2jK8L6', '_blank');\">\n<h5 class=\"subTitleMenuLink linkColorYellow\">Descuento regional (otras cuentas de correo)*<\/h5>\n<\/div>\n<div class=\"boxes boxesTriple\" id=\"box4\" onclick=\"window.open('https:\/\/forms.gle\/nQf9xS2Em6zwaeDG8', '_blank');\">\n<h5 class=\"subTitleMenuLink linkColorBrown\">Descuento clubes<\/h5>\n<\/div>\n<div class=\"boxes boxesDouble\" id=\"box5\" onclick=\"window.open('https:\/\/forms.gle\/KcFEESYwmZR3VgEDA', '_blank');\">\n<h5 class=\"subTitleMenuLink linkColorYellow\">Traspaso inscripci\u00f3n a un tercero<\/h5>\n<\/div>\n<div class=\"boxes boxesTriple\" id=\"box6\" onclick=\"window.open('https:\/\/forms.gle\/KjpX4u5kE584WM6y7', '_blank');\">\n<h5 class=\"subTitleMenuLink linkColorBrown\">Cancelaci\u00f3n o postergaci\u00f3n inscripci\u00f3n<\/h5>\n<\/div>\n<\/div>\n<p><\/p>","protected":false},"excerpt":{"rendered":"<p>Cambio de distancia Descuento regional (cuenta Gmail)* Descuento regional (otras cuentas de correo)* Descuento clubes Traspaso inscripci\u00f3n a un tercero Cancelaci\u00f3n o postergaci\u00f3n inscripci\u00f3n<\/p>\n","protected":false},"author":1,"featured_media":0,"parent":0,"menu_order":0,"comment_status":"closed","ping_status":"closed","template":"","meta":[],"_links":{"self":[{"href":"https:\/\/www.ultrapaine.com\/es\/wp-json\/wp\/v2\/pages\/869"}],"collection":[{"href":"https:\/\/www.ultrapaine.com\/es\/wp-json\/wp\/v2\/pages"}],"about":[{"href":"https:\/\/www.ultrapaine.com\/es\/wp-json\/wp\/v2\/types\/page"}],"author":[{"embeddable":true,"href":"https:\/\/www.ultrapaine.com\/es\/wp-json\/wp\/v2\/users\/1"}],"replies":[{"embeddable":true,"href":"https:\/\/www.ultrapaine.com\/es\/wp-json\/wp\/v2\/comments?post=869"}],"version-history":[{"count":3,"href":"https:\/\/www.ultrapaine.com\/es\/wp-json\/wp\/v2\/pages\/869\/revisions"}],"predecessor-version":[{"id":872,"href":"https:\/\/www.ultrapaine.com\/es\/wp-json\/wp\/v2\/pages\/869\/revisions\/872"}],"wp:attachment":[{"href":"https:\/\/www.ultrapaine.com\/es\/wp-json\/wp\/v2\/media?parent=869"}],"curies":[{"name":"wp","href":"https:\/\/api.w.org\/{rel}","templated":true}]}}